{"id":16604,"date":"2022-05-09T12:09:02","date_gmt":"2022-05-09T12:09:02","guid":{"rendered":"https:\/\/aerokingairco.nl\/installation-der-klimaanlage\/"},"modified":"2023-01-26T10:43:47","modified_gmt":"2023-01-26T10:43:47","slug":"installation-der-klimaanlage","status":"publish","type":"page","link":"https:\/\/aerokingairco.nl\/de\/installation-der-klimaanlage\/","title":{"rendered":"Installation der Klimaanlage"},"content":{"rendered":"<div class=\"wpb-content-wrapper\"><p>[vc_row css=&#8220;.vc_custom_1649681799424{padding-top: 50px !important;padding-bottom: 50px !important;}&#8220;][vc_column width=&#8220;1\/2&#8243; css=&#8220;.vc_custom_1651668018512{padding-top: 50px !important;padding-bottom: 50px !important;background-image: url(https:\/\/aerokingairco.nl\/wp-content\/uploads\/2022\/04\/gradient-_Tekengebied-1-scaled.jpg?id=15875) !important;background-position: center !important;background-repeat: no-repeat !important;background-size: cover !important;border-radius: 5px !important;}&#8220; el_class=&#8220;padding-left padding-right&#8220;][vc_column_text css=&#8220;.vc_custom_1650612673090{padding-bottom: 15px !important;}&#8220; el_class=&#8220;space&#8220;]<\/p>\n<p style=\"color: #fff;\">Ben\u00f6tigt f\u00fcr den t\u00e4glichen Gebrauch<\/p>\n<p>[\/vc_column_text]<div id=\"ultimate-heading-77869e49a3a963cd\" class=\"uvc-heading ult-adjust-bottom-margin ultimate-heading-77869e49a3a963cd uvc-2237 \" data-hspacer=\"no_spacer\"  data-halign=\"left\" style=\"text-align:left\"><div class=\"uvc-heading-spacer no_spacer\" style=\"top\"><\/div><div class=\"uvc-main-heading ult-responsive\"  data-ultimate-target='.uvc-heading.ultimate-heading-77869e49a3a963cd h1'  data-responsive-json-new='{\"font-size\":\"desktop:40px;\",\"line-height\":\"\"}' ><h1 style=\"--font-weight:theme;color:#ffffff;margin-bottom:15px;\">Aeroking Airco Installation<\/h1><\/div><\/div>[vc_column_text css=&#8220;.vc_custom_1650970868481{padding-bottom: 25px !important;}&#8220;]<\/p>\n<p style=\"color: #fff;\">In Zeiten, in denen die Sommer l\u00e4nger und w\u00e4rmer werden, mehr Menschen von zu Hause aus arbeiten und die Gaspreise weiter steigen, ist eine Klimaanlage kein \u00fcberfl\u00fcssiger Luxus mehr. Fordern Sie jetzt ein kostenloses Angebot \u00fcber den Klimaw\u00e4hler an.<\/p>\n<p>[\/vc_column_text]<style type=\"text\/css\">#dt-btn-1 {color: #ffffff;border-color: #ffffff;}#dt-btn-1 > .text-wrap * {color: #ffffff;}#dt-btn-1:hover {color: #000000;background: #ffffff;border-color: #ffffff;}#dt-btn-1:hover > .text-wrap * {color: #000000;}<\/style><a href=\"\/de\/klimageraet\/ \" class=\"btn-shortcode dt-btn-s dt-btn outline-bg-btn custom-btn-color custom-btn-hover-color\" id=\"dt-btn-1\"><span>F\u00fchren Sie die Auswahl der Klimaanlage durch<\/span><\/a>[\/vc_column][vc_column width=&#8220;1\/2&#8243; css=&#8220;.vc_custom_1650970881829{margin-top: -2em !important;margin-left: -4% !important;background-image: url(https:\/\/aerokingairco.nl\/wp-content\/uploads\/2022\/04\/man-en-vrouw-genieten-van-airco.jpg?id=16166) !important;background-position: center !important;background-repeat: no-repeat !important;background-size: cover !important;border-radius: 5px !important;}&#8220;][vc_empty_space height=&#8220;375&#8243;][\/vc_column][\/vc_row][vc_row css=&#8220;.vc_custom_1651666125529{margin-bottom: 50px !important;border-top-width: 2px !important;border-right-width: 2px !important;border-bottom-width: 2px !important;border-left-width: 2px !important;padding-top: 2em !important;padding-bottom: 2em !important;border-left-color: #3fccff !important;border-left-style: solid !important;border-right-color: #3fccff !important;border-right-style: solid !important;border-top-color: #3fccff !important;border-top-style: solid !important;border-bottom-color: #3fccff !important;border-bottom-style: solid !important;border-radius: 5px !important;}&#8220;][vc_column][vc_column_text css=&#8220;.vc_custom_1650612791837{padding-bottom: 15px !important;}&#8220; el_class=&#8220;space&#8220;]Schritt-f\u00fcr-Schritt-Arbeit[\/vc_column_text]<div id=\"ultimate-heading-249969e49a3a964ca\" class=\"uvc-heading ult-adjust-bottom-margin ultimate-heading-249969e49a3a964ca uvc-5067  uvc-heading-default-font-sizes\" data-hspacer=\"no_spacer\"  data-halign=\"left\" style=\"text-align:left\"><div class=\"uvc-heading-spacer no_spacer\" style=\"top\"><\/div><div class=\"uvc-main-heading ult-responsive\"  data-ultimate-target='.uvc-heading.ultimate-heading-249969e49a3a964ca h2'  data-responsive-json-new='{\"font-size\":\"\",\"line-height\":\"\"}' ><h2 style=\"--font-weight:theme;\">Klimaanlage installiert haben<\/h2><\/div><div class=\"uvc-sub-heading ult-responsive\"  data-ultimate-target='.uvc-heading.ultimate-heading-249969e49a3a964ca .uvc-sub-heading '  data-responsive-json-new='{\"font-size\":\"\",\"line-height\":\"\"}'  style=\"font-weight:normal;margin-bottom:25px;\"><\/p>\n<p class=\"Standard\">Wie funktioniert die Installation einer Klimaanlage?<br \/>\nBei Aeroking installieren wir Klimaanlagen nach dem folgenden Schritt-f\u00fcr-Schritt-Plan:<\/p>\n<p><\/div><\/div>[vc_row_inner equal_height=&#8220;yes&#8220; content_placement=&#8220;top&#8220; gap=&#8220;15&#8243;][vc_column_inner width=&#8220;1\/3&#8243; css=&#8220;.vc_custom_1649752346376{padding-top: 25px !important;padding-right: 25px !important;padding-bottom: 25px !important;padding-left: 25px !important;background-color: #f7f7f7 !important;border-radius: 5px !important;}&#8220;]<div id=\"ultimate-heading-556369e49a3a9651a\" class=\"uvc-heading ult-adjust-bottom-margin ultimate-heading-556369e49a3a9651a uvc-4827  uvc-heading-default-font-sizes\" data-hspacer=\"no_spacer\"  data-halign=\"left\" style=\"text-align:left\"><div class=\"uvc-heading-spacer no_spacer\" style=\"top\"><\/div><div class=\"uvc-main-heading ult-responsive\"  data-ultimate-target='.uvc-heading.ultimate-heading-556369e49a3a9651a h5'  data-responsive-json-new='{\"font-size\":\"\",\"line-height\":\"\"}' ><h5 style=\"--font-weight:theme;margin-bottom:10px;\">1. Angebotsanfrage<\/h5><\/div><div class=\"uvc-sub-heading ult-responsive\"  data-ultimate-target='.uvc-heading.ultimate-heading-556369e49a3a9651a .uvc-sub-heading '  data-responsive-json-new='{\"font-size\":\"\",\"line-height\":\"\"}'  style=\"font-weight:normal;\">Nach einer Angebotsanfrage werden wir uns mit Ihnen in Verbindung setzen, um die Situation zu skizzieren oder einen Termin zu vereinbaren.<\/div><\/div>[\/vc_column_inner][vc_column_inner width=&#8220;1\/3&#8243; css=&#8220;.vc_custom_1649752458706{padding-top: 25px !important;padding-right: 25px !important;padding-bottom: 25px !important;padding-left: 25px !important;background-color: #f7f7f7 !important;border-radius: 5px !important;}&#8220;]<div id=\"ultimate-heading-420569e49a3a9655b\" class=\"uvc-heading ult-adjust-bottom-margin ultimate-heading-420569e49a3a9655b uvc-568  uvc-heading-default-font-sizes\" data-hspacer=\"no_spacer\"  data-halign=\"left\" style=\"text-align:left\"><div class=\"uvc-heading-spacer no_spacer\" style=\"top\"><\/div><div class=\"uvc-main-heading ult-responsive\"  data-ultimate-target='.uvc-heading.ultimate-heading-420569e49a3a9655b h5'  data-responsive-json-new='{\"font-size\":\"\",\"line-height\":\"\"}' ><h5 style=\"--font-weight:theme;margin-bottom:10px;\">2. Termin vereinbaren<\/h5><\/div><div class=\"uvc-sub-heading ult-responsive\"  data-ultimate-target='.uvc-heading.ultimate-heading-420569e49a3a9655b .uvc-sub-heading '  data-responsive-json-new='{\"font-size\":\"\",\"line-height\":\"\"}'  style=\"font-weight:normal;\">Wenn Sie das Angebot angenommen haben, werden wir die Arbeit bestellen und vorbereiten. W\u00e4hrend dieser Vorbereitung werden wir uns mit Ihnen in Verbindung setzen, um einen Termin f\u00fcr die Platzierung der Einheit zu besprechen.<\/div><\/div>[\/vc_column_inner][vc_column_inner width=&#8220;1\/3&#8243; css=&#8220;.vc_custom_1649752398165{padding-top: 25px !important;padding-right: 25px !important;padding-bottom: 25px !important;padding-left: 25px !important;background-color: #f7f7f7 !important;border-radius: 5px !important;}&#8220;]<div id=\"ultimate-heading-489369e49a3a96598\" class=\"uvc-heading ult-adjust-bottom-margin ultimate-heading-489369e49a3a96598 uvc-5600  uvc-heading-default-font-sizes\" data-hspacer=\"no_spacer\"  data-halign=\"left\" style=\"text-align:left\"><div class=\"uvc-heading-spacer no_spacer\" style=\"top\"><\/div><div class=\"uvc-main-heading ult-responsive\"  data-ultimate-target='.uvc-heading.ultimate-heading-489369e49a3a96598 h5'  data-responsive-json-new='{\"font-size\":\"\",\"line-height\":\"\"}' ><h5 style=\"--font-weight:theme;margin-bottom:10px;\">3. Platzierung<\/h5><\/div><div class=\"uvc-sub-heading ult-responsive\"  data-ultimate-target='.uvc-heading.ultimate-heading-489369e49a3a96598 .uvc-sub-heading '  data-responsive-json-new='{\"font-size\":\"\",\"line-height\":\"\"}'  style=\"font-weight:normal;\">Wir kommen gut vorbereitet vorbei und starten fr\u00f6hlich mit der Platzierung in den Tag.<\/div><\/div>[\/vc_column_inner][vc_column_inner width=&#8220;1\/3&#8243; css=&#8220;.vc_custom_1649752418869{padding-top: 25px !important;padding-right: 25px !important;padding-bottom: 25px !important;padding-left: 25px !important;background-color: #f7f7f7 !important;border-radius: 5px !important;}&#8220;]<div id=\"ultimate-heading-664669e49a3a965d2\" class=\"uvc-heading ult-adjust-bottom-margin ultimate-heading-664669e49a3a965d2 uvc-6331  uvc-heading-default-font-sizes\" data-hspacer=\"no_spacer\"  data-halign=\"left\" style=\"text-align:left\"><div class=\"uvc-heading-spacer no_spacer\" style=\"top\"><\/div><div class=\"uvc-main-heading ult-responsive\"  data-ultimate-target='.uvc-heading.ultimate-heading-664669e49a3a965d2 h5'  data-responsive-json-new='{\"font-size\":\"\",\"line-height\":\"\"}' ><h5 style=\"--font-weight:theme;margin-bottom:10px;\">4. Montage<\/h5><\/div><div class=\"uvc-sub-heading ult-responsive\"  data-ultimate-target='.uvc-heading.ultimate-heading-664669e49a3a965d2 .uvc-sub-heading '  data-responsive-json-new='{\"font-size\":\"\",\"line-height\":\"\"}'  style=\"font-weight:normal;\">Wir montieren Einheiten, Entw\u00e4sserung, Verkabelung und Stromversorgung.<\/div><\/div>[\/vc_column_inner][vc_column_inner width=&#8220;1\/3&#8243; css=&#8220;.vc_custom_1649752428381{padding-top: 25px !important;padding-right: 25px !important;padding-bottom: 25px !important;padding-left: 25px !important;background-color: #f7f7f7 !important;border-radius: 5px !important;}&#8220;]<div id=\"ultimate-heading-694269e49a3a96610\" class=\"uvc-heading ult-adjust-bottom-margin ultimate-heading-694269e49a3a96610 uvc-8646  uvc-heading-default-font-sizes\" data-hspacer=\"no_spacer\"  data-halign=\"left\" style=\"text-align:left\"><div class=\"uvc-heading-spacer no_spacer\" style=\"top\"><\/div><div class=\"uvc-main-heading ult-responsive\"  data-ultimate-target='.uvc-heading.ultimate-heading-694269e49a3a96610 h5'  data-responsive-json-new='{\"font-size\":\"\",\"line-height\":\"\"}' ><h5 style=\"--font-weight:theme;margin-bottom:10px;\">5. Kontrolle<\/h5><\/div><div class=\"uvc-sub-heading ult-responsive\"  data-ultimate-target='.uvc-heading.ultimate-heading-694269e49a3a96610 .uvc-sub-heading '  data-responsive-json-new='{\"font-size\":\"\",\"line-height\":\"\"}'  style=\"font-weight:normal;\">Wir aktivieren das System und \u00fcberpr\u00fcfen, ob alles ordnungsgem\u00e4\u00df funktioniert.<\/div><\/div>[\/vc_column_inner][vc_column_inner width=&#8220;1\/3&#8243; css=&#8220;.vc_custom_1649752440385{padding-top: 25px !important;padding-right: 25px !important;padding-bottom: 25px !important;padding-left: 25px !important;background-color: #f7f7f7 !important;border-radius: 5px !important;}&#8220;]<div id=\"ultimate-heading-229369e49a3a9664e\" class=\"uvc-heading ult-adjust-bottom-margin ultimate-heading-229369e49a3a9664e uvc-3853  uvc-heading-default-font-sizes\" data-hspacer=\"no_spacer\"  data-halign=\"left\" style=\"text-align:left\"><div class=\"uvc-heading-spacer no_spacer\" style=\"top\"><\/div><div class=\"uvc-main-heading ult-responsive\"  data-ultimate-target='.uvc-heading.ultimate-heading-229369e49a3a9664e h5'  data-responsive-json-new='{\"font-size\":\"\",\"line-height\":\"\"}' ><h5 style=\"--font-weight:theme;margin-bottom:10px;\">6. Erl\u00e4uterung<\/h5><\/div><div class=\"uvc-sub-heading ult-responsive\"  data-ultimate-target='.uvc-heading.ultimate-heading-229369e49a3a9664e .uvc-sub-heading '  data-responsive-json-new='{\"font-size\":\"\",\"line-height\":\"\"}'  style=\"font-weight:normal;\">Wir erkl\u00e4ren Ihnen anschaulich, wie die Klimaanlage funktioniert und richten gemeinsam mit Ihnen die App f\u00fcr Ihr Handy ein!<\/div><\/div>[\/vc_column_inner][\/vc_row_inner][\/vc_column][\/vc_row]<\/p>\n<\/div>","protected":false},"excerpt":{"rendered":"<p>[vc_row css=&#8220;.vc_custom_1649681799424{padding-top: 50px !important;padding-bottom: 50px !important;}&#8220;][vc_column width=&#8220;1\/2&#8243; css=&#8220;.vc_custom_1651668018512{padding-top: 50px !important;padding-bottom: 50px !important;background-image: url(https:\/\/aerokingairco.nl\/wp-content\/uploads\/2022\/04\/gradient-_Tekengebied-1-scaled.jpg?id=15875) !important;background-position: center !important;background-repeat: no-repeat !important;background-size: cover !important;border-radius: 5px !important;}&#8220; el_class=&#8220;padding-left padding-right&#8220;][vc_column_text css=&#8220;.vc_custom_1650612673090{padding-bottom: 15px !important;}&#8220; el_class=&#8220;space&#8220;] Ben\u00f6tigt f\u00fcr den t\u00e4glichen Gebrauch [\/vc_column_text][vc_column_text css=&#8220;.vc_custom_1650970868481{padding-bottom: 25px !important;}&#8220;] In Zeiten, in denen die Sommer l\u00e4nger und w\u00e4rmer werden, mehr Menschen von zu Hause aus arbeiten und&hellip;<\/p>\n","protected":false},"author":4,"featured_media":0,"parent":0,"menu_order":0,"comment_status":"closed","ping_status":"closed","template":"","meta":{"_joinchat":[],"footnotes":""},"class_list":["post-16604","page","type-page","status-publish","hentry","description-off"],"yoast_head":"<!-- This site is optimized with the Yoast SEO plugin v27.0 - https:\/\/yoast.com\/product\/yoast-seo-wordpress\/ -->\n<title>Installation der Klimaanlage - Aeroking Airco<\/title>\n<meta name=\"description\" content=\"M\u00f6chten Sie eine Klimaanlage installieren? Lassen Sie Ihre Klimaanlage bei Aeroking Air Conditioning installieren.\" \/>\n<meta name=\"robots\" content=\"index, follow, max-snippet:-1, max-image-preview:large, max-video-preview:-1\" \/>\n<link rel=\"canonical\" href=\"https:\/\/aerokingairco.nl\/de\/installation-der-klimaanlage\/\" \/>\n<meta property=\"og:locale\" content=\"de_DE\" \/>\n<meta property=\"og:type\" content=\"article\" \/>\n<meta property=\"og:title\" content=\"Installation der Klimaanlage - Aeroking Airco\" \/>\n<meta property=\"og:description\" content=\"M\u00f6chten Sie eine Klimaanlage installieren? Lassen Sie Ihre Klimaanlage bei Aeroking Air Conditioning installieren.\" \/>\n<meta property=\"og:url\" content=\"https:\/\/aerokingairco.nl\/de\/installation-der-klimaanlage\/\" \/>\n<meta property=\"og:site_name\" content=\"Aeroking Airco\" \/>\n<meta property=\"article:modified_time\" content=\"2023-01-26T10:43:47+00:00\" \/>\n<meta name=\"twitter:card\" content=\"summary_large_image\" \/>\n<meta name=\"twitter:label1\" content=\"Gesch\u00e4tzte Lesezeit\" \/>\n\t<meta name=\"twitter:data1\" content=\"2\u00a0Minuten\" \/>\n<script type=\"application\/ld+json\" class=\"yoast-schema-graph\">{\"@context\":\"https:\/\/schema.org\",\"@graph\":[{\"@type\":\"WebPage\",\"@id\":\"https:\/\/aerokingairco.nl\/de\/installation-der-klimaanlage\/\",\"url\":\"https:\/\/aerokingairco.nl\/de\/installation-der-klimaanlage\/\",\"name\":\"Installation der Klimaanlage - Aeroking Airco\",\"isPartOf\":{\"@id\":\"https:\/\/aerokingairco.nl\/de\/#website\"},\"datePublished\":\"2022-05-09T12:09:02+00:00\",\"dateModified\":\"2023-01-26T10:43:47+00:00\",\"description\":\"M\u00f6chten Sie eine Klimaanlage installieren? Lassen Sie Ihre Klimaanlage bei Aeroking Air Conditioning installieren.\",\"breadcrumb\":{\"@id\":\"https:\/\/aerokingairco.nl\/de\/installation-der-klimaanlage\/#breadcrumb\"},\"inLanguage\":\"de\",\"potentialAction\":[{\"@type\":\"ReadAction\",\"target\":[\"https:\/\/aerokingairco.nl\/de\/installation-der-klimaanlage\/\"]}]},{\"@type\":\"BreadcrumbList\",\"@id\":\"https:\/\/aerokingairco.nl\/de\/installation-der-klimaanlage\/#breadcrumb\",\"itemListElement\":[{\"@type\":\"ListItem\",\"position\":1,\"name\":\"Home\",\"item\":\"https:\/\/aerokingairco.nl\/de\/\"},{\"@type\":\"ListItem\",\"position\":2,\"name\":\"Installation der Klimaanlage\"}]},{\"@type\":\"WebSite\",\"@id\":\"https:\/\/aerokingairco.nl\/de\/#website\",\"url\":\"https:\/\/aerokingairco.nl\/de\/\",\"name\":\"Aeroking Airco\",\"description\":\"Maakt duurzaam leven mogelijk\",\"publisher\":{\"@id\":\"https:\/\/aerokingairco.nl\/de\/#organization\"},\"potentialAction\":[{\"@type\":\"SearchAction\",\"target\":{\"@type\":\"EntryPoint\",\"urlTemplate\":\"https:\/\/aerokingairco.nl\/de\/?s={search_term_string}\"},\"query-input\":{\"@type\":\"PropertyValueSpecification\",\"valueRequired\":true,\"valueName\":\"search_term_string\"}}],\"inLanguage\":\"de\"},{\"@type\":\"Organization\",\"@id\":\"https:\/\/aerokingairco.nl\/de\/#organization\",\"name\":\"Aeroking Airco\",\"url\":\"https:\/\/aerokingairco.nl\/de\/\",\"logo\":{\"@type\":\"ImageObject\",\"inLanguage\":\"de\",\"@id\":\"https:\/\/aerokingairco.nl\/de\/#\/schema\/logo\/image\/\",\"url\":\"https:\/\/aerokingairco.nl\/wp-content\/uploads\/2023\/02\/330992712_1216724068967065_3754733078399192394_n.jpg\",\"contentUrl\":\"https:\/\/aerokingairco.nl\/wp-content\/uploads\/2023\/02\/330992712_1216724068967065_3754733078399192394_n.jpg\",\"width\":869,\"height\":390,\"caption\":\"Aeroking Airco\"},\"image\":{\"@id\":\"https:\/\/aerokingairco.nl\/de\/#\/schema\/logo\/image\/\"}}]}<\/script>\n<!-- \/ Yoast SEO plugin. -->","yoast_head_json":{"title":"Installation der Klimaanlage - Aeroking Airco","description":"M\u00f6chten Sie eine Klimaanlage installieren? Lassen Sie Ihre Klimaanlage bei Aeroking Air Conditioning installieren.","robots":{"index":"index","follow":"follow","max-snippet":"max-snippet:-1","max-image-preview":"max-image-preview:large","max-video-preview":"max-video-preview:-1"},"canonical":"https:\/\/aerokingairco.nl\/de\/installation-der-klimaanlage\/","og_locale":"de_DE","og_type":"article","og_title":"Installation der Klimaanlage - Aeroking Airco","og_description":"M\u00f6chten Sie eine Klimaanlage installieren? Lassen Sie Ihre Klimaanlage bei Aeroking Air Conditioning installieren.","og_url":"https:\/\/aerokingairco.nl\/de\/installation-der-klimaanlage\/","og_site_name":"Aeroking Airco","article_modified_time":"2023-01-26T10:43:47+00:00","twitter_card":"summary_large_image","twitter_misc":{"Gesch\u00e4tzte Lesezeit":"2\u00a0Minuten"},"schema":{"@context":"https:\/\/schema.org","@graph":[{"@type":"WebPage","@id":"https:\/\/aerokingairco.nl\/de\/installation-der-klimaanlage\/","url":"https:\/\/aerokingairco.nl\/de\/installation-der-klimaanlage\/","name":"Installation der Klimaanlage - Aeroking Airco","isPartOf":{"@id":"https:\/\/aerokingairco.nl\/de\/#website"},"datePublished":"2022-05-09T12:09:02+00:00","dateModified":"2023-01-26T10:43:47+00:00","description":"M\u00f6chten Sie eine Klimaanlage installieren? Lassen Sie Ihre Klimaanlage bei Aeroking Air Conditioning installieren.","breadcrumb":{"@id":"https:\/\/aerokingairco.nl\/de\/installation-der-klimaanlage\/#breadcrumb"},"inLanguage":"de","potentialAction":[{"@type":"ReadAction","target":["https:\/\/aerokingairco.nl\/de\/installation-der-klimaanlage\/"]}]},{"@type":"BreadcrumbList","@id":"https:\/\/aerokingairco.nl\/de\/installation-der-klimaanlage\/#breadcrumb","itemListElement":[{"@type":"ListItem","position":1,"name":"Home","item":"https:\/\/aerokingairco.nl\/de\/"},{"@type":"ListItem","position":2,"name":"Installation der Klimaanlage"}]},{"@type":"WebSite","@id":"https:\/\/aerokingairco.nl\/de\/#website","url":"https:\/\/aerokingairco.nl\/de\/","name":"Aeroking Airco","description":"Maakt duurzaam leven mogelijk","publisher":{"@id":"https:\/\/aerokingairco.nl\/de\/#organization"},"potentialAction":[{"@type":"SearchAction","target":{"@type":"EntryPoint","urlTemplate":"https:\/\/aerokingairco.nl\/de\/?s={search_term_string}"},"query-input":{"@type":"PropertyValueSpecification","valueRequired":true,"valueName":"search_term_string"}}],"inLanguage":"de"},{"@type":"Organization","@id":"https:\/\/aerokingairco.nl\/de\/#organization","name":"Aeroking Airco","url":"https:\/\/aerokingairco.nl\/de\/","logo":{"@type":"ImageObject","inLanguage":"de","@id":"https:\/\/aerokingairco.nl\/de\/#\/schema\/logo\/image\/","url":"https:\/\/aerokingairco.nl\/wp-content\/uploads\/2023\/02\/330992712_1216724068967065_3754733078399192394_n.jpg","contentUrl":"https:\/\/aerokingairco.nl\/wp-content\/uploads\/2023\/02\/330992712_1216724068967065_3754733078399192394_n.jpg","width":869,"height":390,"caption":"Aeroking Airco"},"image":{"@id":"https:\/\/aerokingairco.nl\/de\/#\/schema\/logo\/image\/"}}]}},"jetpack_sharing_enabled":true,"_links":{"self":[{"href":"https:\/\/aerokingairco.nl\/de\/wp-json\/wp\/v2\/pages\/16604","targetHints":{"allow":["GET"]}}],"collection":[{"href":"https:\/\/aerokingairco.nl\/de\/wp-json\/wp\/v2\/pages"}],"about":[{"href":"https:\/\/aerokingairco.nl\/de\/wp-json\/wp\/v2\/types\/page"}],"author":[{"embeddable":true,"href":"https:\/\/aerokingairco.nl\/de\/wp-json\/wp\/v2\/users\/4"}],"replies":[{"embeddable":true,"href":"https:\/\/aerokingairco.nl\/de\/wp-json\/wp\/v2\/comments?post=16604"}],"version-history":[{"count":7,"href":"https:\/\/aerokingairco.nl\/de\/wp-json\/wp\/v2\/pages\/16604\/revisions"}],"predecessor-version":[{"id":17142,"href":"https:\/\/aerokingairco.nl\/de\/wp-json\/wp\/v2\/pages\/16604\/revisions\/17142"}],"wp:attachment":[{"href":"https:\/\/aerokingairco.nl\/de\/wp-json\/wp\/v2\/media?parent=16604"}],"curies":[{"name":"wp","href":"https:\/\/api.w.org\/{rel}","templated":true}]}}