{"id":16606,"date":"2022-05-09T12:22:43","date_gmt":"2022-05-09T12:22:43","guid":{"rendered":"https:\/\/aerokingairco.nl\/klimaanlage-wiederbefuellung\/"},"modified":"2023-01-11T14:59:46","modified_gmt":"2023-01-11T14:59:46","slug":"klimaanlage-wiederbefuellung","status":"publish","type":"page","link":"https:\/\/aerokingairco.nl\/de\/klimaanlage-wiederbefuellung\/","title":{"rendered":"Klimaanlage Wiederbef\u00fcllung"},"content":{"rendered":"<div class=\"wpb-content-wrapper\"><p>[vc_row css=&#8220;.vc_custom_1649681799424{padding-top: 50px !important;padding-bottom: 50px !important;}&#8220;][vc_column width=&#8220;1\/2&#8243; css=&#8220;.vc_custom_1651668091240{padding-top: 50px !important;padding-bottom: 50px !important;background-image: url(https:\/\/aerokingairco.nl\/wp-content\/uploads\/2022\/04\/gradient-_Tekengebied-1-scaled.jpg?id=15875) !important;background-position: center !important;background-repeat: no-repeat !important;background-size: cover !important;border-radius: 5px !important;}&#8220; el_class=&#8220;padding-left padding-right&#8220;][vc_column_text css=&#8220;.vc_custom_1650614124447{padding-bottom: 15px !important;}&#8220; el_class=&#8220;space&#8220;]<\/p>\n<p style=\"color: #fff;\">Ben\u00f6tigt f\u00fcr den t\u00e4glichen Gebrauch<\/p>\n<p>[\/vc_column_text]<div id=\"ultimate-heading-328569e25d247f646\" class=\"uvc-heading ult-adjust-bottom-margin ultimate-heading-328569e25d247f646 uvc-2651  uvc-heading-default-font-sizes\" data-hspacer=\"no_spacer\"  data-halign=\"left\" style=\"text-align:left\"><div class=\"uvc-heading-spacer no_spacer\" style=\"top\"><\/div><div class=\"uvc-main-heading ult-responsive\"  data-ultimate-target='.uvc-heading.ultimate-heading-328569e25d247f646 h1'  data-responsive-json-new='{\"font-size\":\"\",\"line-height\":\"\"}' ><h1 style=\"--font-weight:theme;color:#ffffff;margin-bottom:15px;\">Klimaanlage Wiederbef\u00fcllung<\/h1><\/div><\/div>[vc_column_text css=&#8220;.vc_custom_1649684780418{padding-bottom: 25px !important;}&#8220;]<\/p>\n<p style=\"color: #fff;\">Nicht nur im Auto, sondern auch zu Hause ist das Nachf\u00fcllen der Klimaanlage ein notwendiges \u00dcbel, das hin und wieder passieren muss. Trotz der Tatsache, dass es sich um ein geschlossenes System handelt, nimmt der Fl\u00fcssigkeitsstand im Laufe der Zeit unter anderem aufgrund der Verdunstung ab.<\/p>\n<p>[\/vc_column_text]<style type=\"text\/css\">#dt-btn-1 {color: #ffffff;border-color: #ffffff;}#dt-btn-1 > .text-wrap * {color: #ffffff;}#dt-btn-1:hover {color: #000000;background: #ffffff;border-color: #ffffff;}#dt-btn-1:hover > .text-wrap * {color: #000000;}<\/style><a href=\"\/de\/kontakt\/\" class=\"btn-shortcode dt-btn-s dt-btn outline-bg-btn custom-btn-color custom-btn-hover-color\" id=\"dt-btn-1\"><span>Kontaktieren Sie uns<\/span><\/a>[\/vc_column][vc_column width=&#8220;1\/2&#8243; css=&#8220;.vc_custom_1650614230766{margin-top: -2em !important;margin-left: -6% !important;background-image: url(https:\/\/aerokingairco.nl\/wp-content\/uploads\/2022\/04\/shutterstock_1212213619.jpg?id=16205) !important;background-position: center !important;background-repeat: no-repeat !important;background-size: cover !important;border-radius: 5px !important;}&#8220;][vc_empty_space height=&#8220;350&#8243;][\/vc_column][\/vc_row][vc_row equal_height=&#8220;yes&#8220; content_placement=&#8220;middle&#8220; css=&#8220;.vc_custom_1650614141860{padding-bottom: 50px !important;}&#8220; el_class=&#8220;reverse-row-on-mobile&#8220;][vc_column width=&#8220;1\/2&#8243;]<style type=\"text\/css\" data-type=\"the7_shortcodes-inline-css\">.shortcode-single-image-wrap.shortcode-single-image-312369aa696bc290c69e412bd3535aaa.enable-bg-rollover .rollover i,\n.shortcode-single-image-wrap.shortcode-single-image-312369aa696bc290c69e412bd3535aaa.enable-bg-rollover .rollover-video i {\n  background: -webkit-linear-gradient();\n  background: linear-gradient();\n}\n.shortcode-single-image-wrap.shortcode-single-image-312369aa696bc290c69e412bd3535aaa .rollover-icon {\n  font-size: 32px;\n  color: #ffffff;\n  min-width: 44px;\n  min-height: 44px;\n  line-height: 44px;\n  border-radius: 100px;\n  border-style: solid;\n  border-width: 0px;\n}\n.dt-icon-bg-on.shortcode-single-image-wrap.shortcode-single-image-312369aa696bc290c69e412bd3535aaa .rollover-icon {\n  background: rgba(255,255,255,0.3);\n  box-shadow: none;\n}<\/style><div class=\"shortcode-single-image-wrap shortcode-single-image-312369aa696bc290c69e412bd3535aaa alignnone  enable-bg-rollover dt-icon-bg-off\" style=\"margin-top:0px; margin-bottom:0px; margin-left:0px; margin-right:0px; width:800px;\"><div class=\"shortcode-single-image\"><div class=\"fancy-media-wrap  layzr-bg\" style=\"\"><img fetchpriority=\"high\" decoding=\"async\" class=\"preload-me lazy-load aspect\" src=\"data:image\/svg+xml,%3Csvg%20xmlns%3D&#39;http%3A%2F%2Fwww.w3.org%2F2000%2Fsvg&#39;%20viewBox%3D&#39;0%200%20565%20394&#39;%2F%3E\" data-src=\"https:\/\/aerokingairco.nl\/wp-content\/uploads\/2022\/04\/twee-afbeeldingen-airco-bijvullen-14.png\" data-srcset=\"https:\/\/aerokingairco.nl\/wp-content\/uploads\/2022\/04\/twee-afbeeldingen-airco-bijvullen-14.png 565w\" loading=\"eager\" sizes=\"(max-width: 565px) 100vw, 565px\" width=\"565\" height=\"394\"  data-dt-location=\"https:\/\/aerokingairco.nl\/de\/diensten\/airco-bijvullen\/twee-afbeeldingen-airco-bijvullen-14\/\" style=\"--ratio: 565 \/ 394;\" alt=\"airco bijvullen\" \/><\/div><\/div><\/div>[\/vc_column][vc_column width=&#8220;1\/2&#8243;][vc_column_text css=&#8220;.vc_custom_1651649346664{padding-bottom: 15px !important;}&#8220; el_class=&#8220;space&#8220;]Genug Aufmerksamkeit f\u00fcr Ihre Klimaanlage[\/vc_column_text]<div id=\"ultimate-heading-49869e25d2480586\" class=\"uvc-heading ult-adjust-bottom-margin ultimate-heading-49869e25d2480586 uvc-4454  uvc-heading-default-font-sizes\" data-hspacer=\"no_spacer\"  data-halign=\"left\" style=\"text-align:left\"><div class=\"uvc-heading-spacer no_spacer\" style=\"top\"><\/div><div class=\"uvc-main-heading ult-responsive\"  data-ultimate-target='.uvc-heading.ultimate-heading-49869e25d2480586 h2'  data-responsive-json-new='{\"font-size\":\"\",\"line-height\":\"\"}' ><h2 style=\"--font-weight:theme;margin-bottom:15px;\">Nachf\u00fcllservice<\/h2><\/div><\/div>[vc_column_text css=&#8220;.vc_custom_1652184324142{padding-bottom: 25px !important;}&#8220;]Hin und wieder m\u00fcssen Sie Ihre Klimaanlage auff\u00fcllen. Wenn Sie dies nicht tun, wird der Betrieb Ihres Systems abnehmen, bis es \u00fcberhaupt nicht mehr abk\u00fchlt. Zudem sinkt der Wirkungsgrad, was zu einem h\u00f6heren Stromverbrauch f\u00fchrt, da er l\u00e4nger und mehr laufen muss, um die gew\u00fcnschte Temperatur zu erreichen. Die Nachf\u00fcllung der Klimaanlage in Ihrem Haus ist Teil der <a href=\"https:\/\/aerokingairco.nl\/de\/wartung-der-klimaanlage\/\">regelm\u00e4\u00dfigen Wartung<\/a>.<\/p>\n<p><a href=\"tel:0031628849249\">Rufen Sie uns unverbindlich an<\/a>, um schnell und einfach herauszufinden, ob Ihre Klimaanlage f\u00fcr eine Nachf\u00fcllung f\u00e4llig ist.[\/vc_column_text]<style type=\"text\/css\">#dt-btn-2 {color: #000000;border-color: #2097d3;}#dt-btn-2 > .text-wrap * {color: #000000;}#dt-btn-2:hover {color: #ffffff;background: #2097d3;border-color: #2097d3;}#dt-btn-2:hover > .text-wrap * {color: #ffffff;}<\/style><a href=\"\/de\/kontakt\/fordern-sie-ein-angebot-an\/\" class=\"btn-shortcode dt-btn-s dt-btn outline-bg-btn custom-btn-color custom-btn-hover-color\" id=\"dt-btn-2\"><span>Fordern Sie ein Angebot an<\/span><\/a>[\/vc_column][\/vc_row]<\/p>\n<\/div>","protected":false},"excerpt":{"rendered":"<p>[vc_row css=&#8220;.vc_custom_1649681799424{padding-top: 50px !important;padding-bottom: 50px !important;}&#8220;][vc_column width=&#8220;1\/2&#8243; css=&#8220;.vc_custom_1651668091240{padding-top: 50px !important;padding-bottom: 50px !important;background-image: url(https:\/\/aerokingairco.nl\/wp-content\/uploads\/2022\/04\/gradient-_Tekengebied-1-scaled.jpg?id=15875) !important;background-position: center !important;background-repeat: no-repeat !important;background-size: cover !important;border-radius: 5px !important;}&#8220; el_class=&#8220;padding-left padding-right&#8220;][vc_column_text css=&#8220;.vc_custom_1650614124447{padding-bottom: 15px !important;}&#8220; el_class=&#8220;space&#8220;] Ben\u00f6tigt f\u00fcr den t\u00e4glichen Gebrauch [\/vc_column_text][vc_column_text css=&#8220;.vc_custom_1649684780418{padding-bottom: 25px !important;}&#8220;] Nicht nur im Auto, sondern auch zu Hause ist das Nachf\u00fcllen der Klimaanlage ein notwendiges \u00dcbel, das hin&hellip;<\/p>\n","protected":false},"author":4,"featured_media":0,"parent":0,"menu_order":0,"comment_status":"closed","ping_status":"closed","template":"","meta":{"_joinchat":[],"footnotes":""},"class_list":["post-16606","page","type-page","status-publish","hentry","description-off"],"yoast_head":"<!-- This site is optimized with the Yoast SEO plugin v27.0 - https:\/\/yoast.com\/product\/yoast-seo-wordpress\/ -->\n<title>Klimaanlage Wiederbef\u00fcllung - Aeroking Airco<\/title>\n<meta name=\"description\" content=\"Das Nachf\u00fcllen Ihrer Klimaanlage ist wichtig, damit Sie sie l\u00e4nger nutzen k\u00f6nnen. Aeroking Airco kann Ihre Klimaanlage wieder auff\u00fcllen. Kontaktieren Sie uns\" \/>\n<meta name=\"robots\" content=\"index, follow, max-snippet:-1, max-image-preview:large, max-video-preview:-1\" \/>\n<link rel=\"canonical\" href=\"https:\/\/aerokingairco.nl\/de\/klimaanlage-wiederbefuellung\/\" \/>\n<meta property=\"og:locale\" content=\"de_DE\" \/>\n<meta property=\"og:type\" content=\"article\" \/>\n<meta property=\"og:title\" content=\"Klimaanlage Wiederbef\u00fcllung - Aeroking Airco\" \/>\n<meta property=\"og:description\" content=\"Das Nachf\u00fcllen Ihrer Klimaanlage ist wichtig, damit Sie sie l\u00e4nger nutzen k\u00f6nnen. Aeroking Airco kann Ihre Klimaanlage wieder auff\u00fcllen. Kontaktieren Sie uns\" \/>\n<meta property=\"og:url\" content=\"https:\/\/aerokingairco.nl\/de\/klimaanlage-wiederbefuellung\/\" \/>\n<meta property=\"og:site_name\" content=\"Aeroking Airco\" \/>\n<meta property=\"article:modified_time\" content=\"2023-01-11T14:59:46+00:00\" \/>\n<meta name=\"twitter:card\" content=\"summary_large_image\" \/>\n<meta name=\"twitter:label1\" content=\"Gesch\u00e4tzte Lesezeit\" \/>\n\t<meta name=\"twitter:data1\" content=\"2\u00a0Minuten\" \/>\n<script type=\"application\/ld+json\" class=\"yoast-schema-graph\">{\"@context\":\"https:\/\/schema.org\",\"@graph\":[{\"@type\":\"WebPage\",\"@id\":\"https:\/\/aerokingairco.nl\/de\/klimaanlage-wiederbefuellung\/\",\"url\":\"https:\/\/aerokingairco.nl\/de\/klimaanlage-wiederbefuellung\/\",\"name\":\"Klimaanlage Wiederbef\u00fcllung - Aeroking Airco\",\"isPartOf\":{\"@id\":\"https:\/\/aerokingairco.nl\/de\/#website\"},\"datePublished\":\"2022-05-09T12:22:43+00:00\",\"dateModified\":\"2023-01-11T14:59:46+00:00\",\"description\":\"Das Nachf\u00fcllen Ihrer Klimaanlage ist wichtig, damit Sie sie l\u00e4nger nutzen k\u00f6nnen. Aeroking Airco kann Ihre Klimaanlage wieder auff\u00fcllen. Kontaktieren Sie uns\",\"breadcrumb\":{\"@id\":\"https:\/\/aerokingairco.nl\/de\/klimaanlage-wiederbefuellung\/#breadcrumb\"},\"inLanguage\":\"de\",\"potentialAction\":[{\"@type\":\"ReadAction\",\"target\":[\"https:\/\/aerokingairco.nl\/de\/klimaanlage-wiederbefuellung\/\"]}]},{\"@type\":\"BreadcrumbList\",\"@id\":\"https:\/\/aerokingairco.nl\/de\/klimaanlage-wiederbefuellung\/#breadcrumb\",\"itemListElement\":[{\"@type\":\"ListItem\",\"position\":1,\"name\":\"Home\",\"item\":\"https:\/\/aerokingairco.nl\/de\/\"},{\"@type\":\"ListItem\",\"position\":2,\"name\":\"Klimaanlage Wiederbef\u00fcllung\"}]},{\"@type\":\"WebSite\",\"@id\":\"https:\/\/aerokingairco.nl\/de\/#website\",\"url\":\"https:\/\/aerokingairco.nl\/de\/\",\"name\":\"Aeroking Airco\",\"description\":\"Maakt duurzaam leven mogelijk\",\"publisher\":{\"@id\":\"https:\/\/aerokingairco.nl\/de\/#organization\"},\"potentialAction\":[{\"@type\":\"SearchAction\",\"target\":{\"@type\":\"EntryPoint\",\"urlTemplate\":\"https:\/\/aerokingairco.nl\/de\/?s={search_term_string}\"},\"query-input\":{\"@type\":\"PropertyValueSpecification\",\"valueRequired\":true,\"valueName\":\"search_term_string\"}}],\"inLanguage\":\"de\"},{\"@type\":\"Organization\",\"@id\":\"https:\/\/aerokingairco.nl\/de\/#organization\",\"name\":\"Aeroking Airco\",\"url\":\"https:\/\/aerokingairco.nl\/de\/\",\"logo\":{\"@type\":\"ImageObject\",\"inLanguage\":\"de\",\"@id\":\"https:\/\/aerokingairco.nl\/de\/#\/schema\/logo\/image\/\",\"url\":\"https:\/\/aerokingairco.nl\/wp-content\/uploads\/2023\/02\/330992712_1216724068967065_3754733078399192394_n.jpg\",\"contentUrl\":\"https:\/\/aerokingairco.nl\/wp-content\/uploads\/2023\/02\/330992712_1216724068967065_3754733078399192394_n.jpg\",\"width\":869,\"height\":390,\"caption\":\"Aeroking Airco\"},\"image\":{\"@id\":\"https:\/\/aerokingairco.nl\/de\/#\/schema\/logo\/image\/\"}}]}<\/script>\n<!-- \/ Yoast SEO plugin. -->","yoast_head_json":{"title":"Klimaanlage Wiederbef\u00fcllung - Aeroking Airco","description":"Das Nachf\u00fcllen Ihrer Klimaanlage ist wichtig, damit Sie sie l\u00e4nger nutzen k\u00f6nnen. Aeroking Airco kann Ihre Klimaanlage wieder auff\u00fcllen. Kontaktieren Sie uns","robots":{"index":"index","follow":"follow","max-snippet":"max-snippet:-1","max-image-preview":"max-image-preview:large","max-video-preview":"max-video-preview:-1"},"canonical":"https:\/\/aerokingairco.nl\/de\/klimaanlage-wiederbefuellung\/","og_locale":"de_DE","og_type":"article","og_title":"Klimaanlage Wiederbef\u00fcllung - Aeroking Airco","og_description":"Das Nachf\u00fcllen Ihrer Klimaanlage ist wichtig, damit Sie sie l\u00e4nger nutzen k\u00f6nnen. Aeroking Airco kann Ihre Klimaanlage wieder auff\u00fcllen. Kontaktieren Sie uns","og_url":"https:\/\/aerokingairco.nl\/de\/klimaanlage-wiederbefuellung\/","og_site_name":"Aeroking Airco","article_modified_time":"2023-01-11T14:59:46+00:00","twitter_card":"summary_large_image","twitter_misc":{"Gesch\u00e4tzte Lesezeit":"2\u00a0Minuten"},"schema":{"@context":"https:\/\/schema.org","@graph":[{"@type":"WebPage","@id":"https:\/\/aerokingairco.nl\/de\/klimaanlage-wiederbefuellung\/","url":"https:\/\/aerokingairco.nl\/de\/klimaanlage-wiederbefuellung\/","name":"Klimaanlage Wiederbef\u00fcllung - Aeroking Airco","isPartOf":{"@id":"https:\/\/aerokingairco.nl\/de\/#website"},"datePublished":"2022-05-09T12:22:43+00:00","dateModified":"2023-01-11T14:59:46+00:00","description":"Das Nachf\u00fcllen Ihrer Klimaanlage ist wichtig, damit Sie sie l\u00e4nger nutzen k\u00f6nnen. Aeroking Airco kann Ihre Klimaanlage wieder auff\u00fcllen. Kontaktieren Sie uns","breadcrumb":{"@id":"https:\/\/aerokingairco.nl\/de\/klimaanlage-wiederbefuellung\/#breadcrumb"},"inLanguage":"de","potentialAction":[{"@type":"ReadAction","target":["https:\/\/aerokingairco.nl\/de\/klimaanlage-wiederbefuellung\/"]}]},{"@type":"BreadcrumbList","@id":"https:\/\/aerokingairco.nl\/de\/klimaanlage-wiederbefuellung\/#breadcrumb","itemListElement":[{"@type":"ListItem","position":1,"name":"Home","item":"https:\/\/aerokingairco.nl\/de\/"},{"@type":"ListItem","position":2,"name":"Klimaanlage Wiederbef\u00fcllung"}]},{"@type":"WebSite","@id":"https:\/\/aerokingairco.nl\/de\/#website","url":"https:\/\/aerokingairco.nl\/de\/","name":"Aeroking Airco","description":"Maakt duurzaam leven mogelijk","publisher":{"@id":"https:\/\/aerokingairco.nl\/de\/#organization"},"potentialAction":[{"@type":"SearchAction","target":{"@type":"EntryPoint","urlTemplate":"https:\/\/aerokingairco.nl\/de\/?s={search_term_string}"},"query-input":{"@type":"PropertyValueSpecification","valueRequired":true,"valueName":"search_term_string"}}],"inLanguage":"de"},{"@type":"Organization","@id":"https:\/\/aerokingairco.nl\/de\/#organization","name":"Aeroking Airco","url":"https:\/\/aerokingairco.nl\/de\/","logo":{"@type":"ImageObject","inLanguage":"de","@id":"https:\/\/aerokingairco.nl\/de\/#\/schema\/logo\/image\/","url":"https:\/\/aerokingairco.nl\/wp-content\/uploads\/2023\/02\/330992712_1216724068967065_3754733078399192394_n.jpg","contentUrl":"https:\/\/aerokingairco.nl\/wp-content\/uploads\/2023\/02\/330992712_1216724068967065_3754733078399192394_n.jpg","width":869,"height":390,"caption":"Aeroking Airco"},"image":{"@id":"https:\/\/aerokingairco.nl\/de\/#\/schema\/logo\/image\/"}}]}},"jetpack_sharing_enabled":true,"_links":{"self":[{"href":"https:\/\/aerokingairco.nl\/de\/wp-json\/wp\/v2\/pages\/16606","targetHints":{"allow":["GET"]}}],"collection":[{"href":"https:\/\/aerokingairco.nl\/de\/wp-json\/wp\/v2\/pages"}],"about":[{"href":"https:\/\/aerokingairco.nl\/de\/wp-json\/wp\/v2\/types\/page"}],"author":[{"embeddable":true,"href":"https:\/\/aerokingairco.nl\/de\/wp-json\/wp\/v2\/users\/4"}],"replies":[{"embeddable":true,"href":"https:\/\/aerokingairco.nl\/de\/wp-json\/wp\/v2\/comments?post=16606"}],"version-history":[{"count":8,"href":"https:\/\/aerokingairco.nl\/de\/wp-json\/wp\/v2\/pages\/16606\/revisions"}],"predecessor-version":[{"id":17123,"href":"https:\/\/aerokingairco.nl\/de\/wp-json\/wp\/v2\/pages\/16606\/revisions\/17123"}],"wp:attachment":[{"href":"https:\/\/aerokingairco.nl\/de\/wp-json\/wp\/v2\/media?parent=16606"}],"curies":[{"name":"wp","href":"https:\/\/api.w.org\/{rel}","templated":true}]}}