{"id":16607,"date":"2022-05-09T12:49:14","date_gmt":"2022-05-09T12:49:14","guid":{"rendered":"https:\/\/aerokingairco.nl\/klimaanlage-reparatur\/"},"modified":"2023-01-11T14:39:01","modified_gmt":"2023-01-11T14:39:01","slug":"klimaanlage-reparatur","status":"publish","type":"page","link":"https:\/\/aerokingairco.nl\/de\/klimaanlage-reparatur\/","title":{"rendered":"Klimaanlage Reparatur"},"content":{"rendered":"<div class=\"wpb-content-wrapper\"><p>[vc_row css=&#8220;.vc_custom_1649681799424{padding-top: 50px !important;padding-bottom: 50px !important;}&#8220;][vc_column width=&#8220;1\/2&#8243; css=&#8220;.vc_custom_1651668119865{padding-top: 50px !important;padding-bottom: 50px !important;background-image: url(https:\/\/aerokingairco.nl\/wp-content\/uploads\/2022\/04\/gradient-_Tekengebied-1-scaled.jpg?id=15875) !important;background-position: center !important;background-repeat: no-repeat !important;background-size: cover !important;border-radius: 5px !important;}&#8220; el_class=&#8220;padding-left padding-right&#8220;][vc_column_text css=&#8220;.vc_custom_1650614460415{padding-bottom: 15px !important;}&#8220; el_class=&#8220;space&#8220;]<\/p>\n<p style=\"color: #fff;\">Langj\u00e4hrige Erfahrung in der Reparatur<\/p>\n<p>[\/vc_column_text]<div id=\"ultimate-heading-910569f52f2ed5d8f\" class=\"uvc-heading ult-adjust-bottom-margin ultimate-heading-910569f52f2ed5d8f uvc-3059  uvc-heading-default-font-sizes\" data-hspacer=\"no_spacer\"  data-halign=\"left\" style=\"text-align:left\"><div class=\"uvc-heading-spacer no_spacer\" style=\"top\"><\/div><div class=\"uvc-main-heading ult-responsive\"  data-ultimate-target='.uvc-heading.ultimate-heading-910569f52f2ed5d8f h1'  data-responsive-json-new='{\"font-size\":\"\",\"line-height\":\"\"}' ><h1 style=\"--font-weight:theme;color:#ffffff;margin-bottom:15px;\">Klimaanlage Reparatur<\/h1><\/div><\/div>[vc_column_text css=&#8220;.vc_custom_1649687644835{padding-bottom: 25px !important;}&#8220;]<\/p>\n<p style=\"color: #fff;\">Wenn die Klimaanlage in Ihrem Haus nicht mehr richtig funktioniert, kann es auch sein, dass das System kaputt oder zu schmutzig ist. Zum Beispiel k\u00f6nnen Sie Ihre Klimaanlage im Haus reinigen lassen, aber es gibt auch eine Reparatur der Klimaanlage.<\/p>\n<p>[\/vc_column_text]<style type=\"text\/css\">#dt-btn-1 {color: #ffffff;border-color: #ffffff;}#dt-btn-1 > .text-wrap * {color: #ffffff;}#dt-btn-1:hover {color: #000000;background: #ffffff;border-color: #ffffff;}#dt-btn-1:hover > .text-wrap * {color: #000000;}<\/style><a href=\"\/de\/kontakt\/\" class=\"btn-shortcode dt-btn-s dt-btn outline-bg-btn custom-btn-color custom-btn-hover-color\" id=\"dt-btn-1\"><span>Kontaktieren Sie uns<\/span><\/a>[\/vc_column][vc_column width=&#8220;1\/2&#8243; css=&#8220;.vc_custom_1650614726172{margin-top: -2em !important;margin-left: -6% !important;background-image: url(https:\/\/aerokingairco.nl\/wp-content\/uploads\/2022\/04\/shutterstock_311562176.jpg?id=16207) !important;background-position: center !important;background-repeat: no-repeat !important;background-size: cover !important;border-radius: 5px !important;}&#8220;][vc_empty_space height=&#8220;350&#8243;][\/vc_column][\/vc_row][vc_row equal_height=&#8220;yes&#8220; content_placement=&#8220;middle&#8220; css=&#8220;.vc_custom_1650614677813{padding-top: 50px !important;padding-bottom: 50px !important;}&#8220; el_class=&#8220;reverse-row-on-mobile&#8220;][vc_column width=&#8220;1\/2&#8243;]<style type=\"text\/css\" data-type=\"the7_shortcodes-inline-css\">.shortcode-single-image-wrap.shortcode-single-image-c124b697df699f4261536e489f47952c.enable-bg-rollover .rollover i,\n.shortcode-single-image-wrap.shortcode-single-image-c124b697df699f4261536e489f47952c.enable-bg-rollover .rollover-video i {\n  background: -webkit-linear-gradient();\n  background: linear-gradient();\n}\n.shortcode-single-image-wrap.shortcode-single-image-c124b697df699f4261536e489f47952c .rollover-icon {\n  font-size: 32px;\n  color: #ffffff;\n  min-width: 44px;\n  min-height: 44px;\n  line-height: 44px;\n  border-radius: 100px;\n  border-style: solid;\n  border-width: 0px;\n}\n.dt-icon-bg-on.shortcode-single-image-wrap.shortcode-single-image-c124b697df699f4261536e489f47952c .rollover-icon {\n  background: rgba(255,255,255,0.3);\n  box-shadow: none;\n}<\/style><div class=\"shortcode-single-image-wrap shortcode-single-image-c124b697df699f4261536e489f47952c alignnone  enable-bg-rollover dt-icon-bg-off\" style=\"margin-top:0px; margin-bottom:0px; margin-left:0px; margin-right:0px; width:800px;\"><div class=\"shortcode-single-image\"><div class=\"fancy-media-wrap  layzr-bg\" style=\"\"><img fetchpriority=\"high\" decoding=\"async\" class=\"preload-me lazy-load aspect\" src=\"data:image\/svg+xml,%3Csvg%20xmlns%3D&#39;http%3A%2F%2Fwww.w3.org%2F2000%2Fsvg&#39;%20viewBox%3D&#39;0%200%20564%20394&#39;%2F%3E\" data-src=\"https:\/\/aerokingairco.nl\/wp-content\/uploads\/2022\/04\/fotos-gecombineerd-15.png\" data-srcset=\"https:\/\/aerokingairco.nl\/wp-content\/uploads\/2022\/04\/fotos-gecombineerd-15.png 564w\" loading=\"eager\" sizes=\"(max-width: 564px) 100vw, 564px\" width=\"564\" height=\"394\"  data-dt-location=\"https:\/\/aerokingairco.nl\/de\/diensten\/airco-onderhoud\/fotos-gecombineerd-15\/\" style=\"--ratio: 564 \/ 394;\" alt=\"airco onderhoud\" \/><\/div><\/div><\/div>[\/vc_column][vc_column width=&#8220;1\/2&#8243;][vc_column_text css=&#8220;.vc_custom_1650614472967{padding-bottom: 15px !important;}&#8220; el_class=&#8220;space&#8220;]Genug Aufmerksamkeit f\u00fcr Ihre Klimaanlage[\/vc_column_text]<div id=\"ultimate-heading-608169f52f2ed6c1d\" class=\"uvc-heading ult-adjust-bottom-margin ultimate-heading-608169f52f2ed6c1d uvc-3759  uvc-heading-default-font-sizes\" data-hspacer=\"no_spacer\"  data-halign=\"left\" style=\"text-align:left\"><div class=\"uvc-heading-spacer no_spacer\" style=\"top\"><\/div><div class=\"uvc-main-heading ult-responsive\"  data-ultimate-target='.uvc-heading.ultimate-heading-608169f52f2ed6c1d h2'  data-responsive-json-new='{\"font-size\":\"\",\"line-height\":\"\"}' ><h2 style=\"--font-weight:theme;margin-bottom:15px;\">Reicht das Nachf\u00fcllen nicht aus?<\/h2><\/div><\/div>[vc_column_text css=&#8220;.vc_custom_1652184552455{padding-bottom: 25px !important;}&#8220;]Wenn <a href=\"https:\/\/aerokingairco.nl\/de\/klimaanlage-wiederbefuellung\/\">die Nachf\u00fcllung<\/a> nicht das gew\u00fcnschte Ergebnis liefert, kann es notwendig sein, einen Defekt zu erkennen und zu beheben. Selbstverst\u00e4ndlich k\u00f6nnen wir dies auch professionell und kosteng\u00fcnstig f\u00fcr Sie durchf\u00fchren.<\/p>\n<p class=\"Standard\">Wenn Sie sicher sein m\u00f6chten, dass Ihre Klimaanlagenreparatur zu Hause von einem anerkannten Spezialisten durchgef\u00fchrt wird, wenden Sie sich an unsere Spezialisten.<\/p>\n<p class=\"Standard\">Wir haben die richtige Erfahrung in solchen Reparaturen, sind aber auch eine offiziell anerkannte, zertifizierte Reparaturwerkstatt f\u00fcr die Reinigung von Klimaanlagen.<\/p>\n<p>Das bedeutet, dass Sie sicher sein k\u00f6nnen, dass wir diese Reparatur professionell, schnell, genau und zu einem fairen Preis durchf\u00fchren werden.[\/vc_column_text]<style type=\"text\/css\">#dt-btn-2 {color: #000000;border-color: #2097d3;}#dt-btn-2 > .text-wrap * {color: #000000;}#dt-btn-2:hover {color: #ffffff;background: #2097d3;border-color: #2097d3;}#dt-btn-2:hover > .text-wrap * {color: #ffffff;}<\/style><a href=\"\/de\/kontakt\/fordern-sie-ein-angebot-an\/\" class=\"btn-shortcode dt-btn-s dt-btn outline-bg-btn custom-btn-color custom-btn-hover-color\" id=\"dt-btn-2\"><span>Fordern Sie ein Angebot an<\/span><\/a>[\/vc_column][\/vc_row][vc_row gap=&#8220;10&#8243; content_placement=&#8220;middle&#8220; css=&#8220;.vc_custom_1651668173596{margin-top: 50px !important;padding-top: 2em !important;padding-bottom: 2em !important;background-image: url(https:\/\/aerokingairco.nl\/wp-content\/uploads\/2022\/04\/gradient-_Tekengebied-1-scaled.jpg?id=15875) !important;background-position: center !important;background-repeat: no-repeat !important;background-size: cover !important;border-radius: 5px !important;}&#8220; el_class=&#8220;padding-left padding-right&#8220;][vc_column width=&#8220;1\/2&#8243;][vc_column_text css=&#8220;.vc_custom_1650614517429{padding-bottom: 15px !important;}&#8220; el_class=&#8220;space&#8220;]<\/p>\n<p style=\"color: #fff;\">Es wird wieder w\u00e4rmer<\/p>\n<p>[\/vc_column_text]<div id=\"ultimate-heading-38069f52f2ed6cd1\" class=\"uvc-heading ult-adjust-bottom-margin ultimate-heading-38069f52f2ed6cd1 uvc-7237  uvc-heading-default-font-sizes\" data-hspacer=\"no_spacer\"  data-halign=\"left\" style=\"text-align:left\"><div class=\"uvc-heading-spacer no_spacer\" style=\"top\"><\/div><div class=\"uvc-main-heading ult-responsive\"  data-ultimate-target='.uvc-heading.ultimate-heading-38069f52f2ed6cd1 h2'  data-responsive-json-new='{\"font-size\":\"\",\"line-height\":\"\"}' ><h2 style=\"--font-weight:theme;color:#ffffff;margin-bottom:15px;\">K\u00fchlt Ihre Klimaanlage nicht mehr?<\/h2><\/div><\/div>[vc_column_text]<\/p>\n<p style=\"color: #fff;\">Wir besch\u00e4ftigen auch nur ausgebildete Handwerker, die Kenntnisse der verschiedenen Marken von Klimaanlagen haben, um eine Klimaanlagenreparatur durchzuf\u00fchren.<\/p>\n<p style=\"color: #fff;\">Wenn eine Klimaanlage nicht mehr richtig funktioniert, haben wir die M\u00f6glichkeit, eine gute und gr\u00fcndliche Reparatur der Klimaanlage durchzuf\u00fchren.<\/p>\n<p style=\"color: #fff;\">Wir sorgen daf\u00fcr, dass Ihre Klimaanlage wieder einwandfrei funktioniert und der Raum richtig k\u00fchlen kann.<\/p>\n<p>[\/vc_column_text][\/vc_column][vc_column width=&#8220;1\/2&#8243; css=&#8220;.vc_custom_1650614634191{margin-right: -15% !important;background-image: url(https:\/\/aerokingairco.nl\/wp-content\/uploads\/2022\/04\/shutterstock_328623209.jpg?id=16177) !important;background-position: center !important;background-repeat: no-repeat !important;background-size: cover !important;border-radius: 5px !important;}&#8220;][vc_empty_space height=&#8220;350&#8243;][\/vc_column][\/vc_row][vc_row css=&#8220;.vc_custom_1649688209395{padding-top: 50px !important;}&#8220;][vc_column][\/vc_column][\/vc_row]<\/p>\n<\/div>","protected":false},"excerpt":{"rendered":"<p>[vc_row css=&#8220;.vc_custom_1649681799424{padding-top: 50px !important;padding-bottom: 50px !important;}&#8220;][vc_column width=&#8220;1\/2&#8243; css=&#8220;.vc_custom_1651668119865{padding-top: 50px !important;padding-bottom: 50px !important;background-image: url(https:\/\/aerokingairco.nl\/wp-content\/uploads\/2022\/04\/gradient-_Tekengebied-1-scaled.jpg?id=15875) !important;background-position: center !important;background-repeat: no-repeat !important;background-size: cover !important;border-radius: 5px !important;}&#8220; el_class=&#8220;padding-left padding-right&#8220;][vc_column_text css=&#8220;.vc_custom_1650614460415{padding-bottom: 15px !important;}&#8220; el_class=&#8220;space&#8220;] Langj\u00e4hrige Erfahrung in der Reparatur [\/vc_column_text][vc_column_text css=&#8220;.vc_custom_1649687644835{padding-bottom: 25px !important;}&#8220;] Wenn die Klimaanlage in Ihrem Haus nicht mehr richtig funktioniert, kann es auch sein, dass das System kaputt&hellip;<\/p>\n","protected":false},"author":4,"featured_media":0,"parent":0,"menu_order":0,"comment_status":"closed","ping_status":"closed","template":"","meta":{"_joinchat":[],"footnotes":""},"class_list":["post-16607","page","type-page","status-publish","hentry","description-off"],"yoast_head":"<!-- This site is optimized with the Yoast SEO plugin v27.0 - https:\/\/yoast.com\/product\/yoast-seo-wordpress\/ -->\n<title>Klimaanlage Reparatur - Aeroking Airco<\/title>\n<meta name=\"description\" content=\"Ist Ihre Klimaanlage defekt? Aeroking Airco kann auch Ihre Klimaanlage reparieren. Wir helfen Ihnen gerne. Kontaktieren Sie uns\" \/>\n<meta name=\"robots\" content=\"index, follow, max-snippet:-1, max-image-preview:large, max-video-preview:-1\" \/>\n<link rel=\"canonical\" href=\"https:\/\/aerokingairco.nl\/de\/klimaanlage-reparatur\/\" \/>\n<meta property=\"og:locale\" content=\"de_DE\" \/>\n<meta property=\"og:type\" content=\"article\" \/>\n<meta property=\"og:title\" content=\"Klimaanlage Reparatur - Aeroking Airco\" \/>\n<meta property=\"og:description\" content=\"Ist Ihre Klimaanlage defekt? Aeroking Airco kann auch Ihre Klimaanlage reparieren. Wir helfen Ihnen gerne. Kontaktieren Sie uns\" \/>\n<meta property=\"og:url\" content=\"https:\/\/aerokingairco.nl\/de\/klimaanlage-reparatur\/\" \/>\n<meta property=\"og:site_name\" content=\"Aeroking Airco\" \/>\n<meta property=\"article:modified_time\" content=\"2023-01-11T14:39:01+00:00\" \/>\n<meta name=\"twitter:card\" content=\"summary_large_image\" \/>\n<meta name=\"twitter:label1\" content=\"Gesch\u00e4tzte Lesezeit\" \/>\n\t<meta name=\"twitter:data1\" content=\"2\u00a0Minuten\" \/>\n<script type=\"application\/ld+json\" class=\"yoast-schema-graph\">{\"@context\":\"https:\/\/schema.org\",\"@graph\":[{\"@type\":\"WebPage\",\"@id\":\"https:\/\/aerokingairco.nl\/de\/klimaanlage-reparatur\/\",\"url\":\"https:\/\/aerokingairco.nl\/de\/klimaanlage-reparatur\/\",\"name\":\"Klimaanlage Reparatur - Aeroking Airco\",\"isPartOf\":{\"@id\":\"https:\/\/aerokingairco.nl\/de\/#website\"},\"datePublished\":\"2022-05-09T12:49:14+00:00\",\"dateModified\":\"2023-01-11T14:39:01+00:00\",\"description\":\"Ist Ihre Klimaanlage defekt? Aeroking Airco kann auch Ihre Klimaanlage reparieren. Wir helfen Ihnen gerne. Kontaktieren Sie uns\",\"breadcrumb\":{\"@id\":\"https:\/\/aerokingairco.nl\/de\/klimaanlage-reparatur\/#breadcrumb\"},\"inLanguage\":\"de\",\"potentialAction\":[{\"@type\":\"ReadAction\",\"target\":[\"https:\/\/aerokingairco.nl\/de\/klimaanlage-reparatur\/\"]}]},{\"@type\":\"BreadcrumbList\",\"@id\":\"https:\/\/aerokingairco.nl\/de\/klimaanlage-reparatur\/#breadcrumb\",\"itemListElement\":[{\"@type\":\"ListItem\",\"position\":1,\"name\":\"Home\",\"item\":\"https:\/\/aerokingairco.nl\/de\/\"},{\"@type\":\"ListItem\",\"position\":2,\"name\":\"Klimaanlage Reparatur\"}]},{\"@type\":\"WebSite\",\"@id\":\"https:\/\/aerokingairco.nl\/de\/#website\",\"url\":\"https:\/\/aerokingairco.nl\/de\/\",\"name\":\"Aeroking Airco\",\"description\":\"Maakt duurzaam leven mogelijk\",\"publisher\":{\"@id\":\"https:\/\/aerokingairco.nl\/de\/#organization\"},\"potentialAction\":[{\"@type\":\"SearchAction\",\"target\":{\"@type\":\"EntryPoint\",\"urlTemplate\":\"https:\/\/aerokingairco.nl\/de\/?s={search_term_string}\"},\"query-input\":{\"@type\":\"PropertyValueSpecification\",\"valueRequired\":true,\"valueName\":\"search_term_string\"}}],\"inLanguage\":\"de\"},{\"@type\":\"Organization\",\"@id\":\"https:\/\/aerokingairco.nl\/de\/#organization\",\"name\":\"Aeroking Airco\",\"url\":\"https:\/\/aerokingairco.nl\/de\/\",\"logo\":{\"@type\":\"ImageObject\",\"inLanguage\":\"de\",\"@id\":\"https:\/\/aerokingairco.nl\/de\/#\/schema\/logo\/image\/\",\"url\":\"https:\/\/aerokingairco.nl\/wp-content\/uploads\/2023\/02\/330992712_1216724068967065_3754733078399192394_n.jpg\",\"contentUrl\":\"https:\/\/aerokingairco.nl\/wp-content\/uploads\/2023\/02\/330992712_1216724068967065_3754733078399192394_n.jpg\",\"width\":869,\"height\":390,\"caption\":\"Aeroking Airco\"},\"image\":{\"@id\":\"https:\/\/aerokingairco.nl\/de\/#\/schema\/logo\/image\/\"}}]}<\/script>\n<!-- \/ Yoast SEO plugin. -->","yoast_head_json":{"title":"Klimaanlage Reparatur - Aeroking Airco","description":"Ist Ihre Klimaanlage defekt? Aeroking Airco kann auch Ihre Klimaanlage reparieren. Wir helfen Ihnen gerne. Kontaktieren Sie uns","robots":{"index":"index","follow":"follow","max-snippet":"max-snippet:-1","max-image-preview":"max-image-preview:large","max-video-preview":"max-video-preview:-1"},"canonical":"https:\/\/aerokingairco.nl\/de\/klimaanlage-reparatur\/","og_locale":"de_DE","og_type":"article","og_title":"Klimaanlage Reparatur - Aeroking Airco","og_description":"Ist Ihre Klimaanlage defekt? Aeroking Airco kann auch Ihre Klimaanlage reparieren. Wir helfen Ihnen gerne. Kontaktieren Sie uns","og_url":"https:\/\/aerokingairco.nl\/de\/klimaanlage-reparatur\/","og_site_name":"Aeroking Airco","article_modified_time":"2023-01-11T14:39:01+00:00","twitter_card":"summary_large_image","twitter_misc":{"Gesch\u00e4tzte Lesezeit":"2\u00a0Minuten"},"schema":{"@context":"https:\/\/schema.org","@graph":[{"@type":"WebPage","@id":"https:\/\/aerokingairco.nl\/de\/klimaanlage-reparatur\/","url":"https:\/\/aerokingairco.nl\/de\/klimaanlage-reparatur\/","name":"Klimaanlage Reparatur - Aeroking Airco","isPartOf":{"@id":"https:\/\/aerokingairco.nl\/de\/#website"},"datePublished":"2022-05-09T12:49:14+00:00","dateModified":"2023-01-11T14:39:01+00:00","description":"Ist Ihre Klimaanlage defekt? Aeroking Airco kann auch Ihre Klimaanlage reparieren. Wir helfen Ihnen gerne. Kontaktieren Sie uns","breadcrumb":{"@id":"https:\/\/aerokingairco.nl\/de\/klimaanlage-reparatur\/#breadcrumb"},"inLanguage":"de","potentialAction":[{"@type":"ReadAction","target":["https:\/\/aerokingairco.nl\/de\/klimaanlage-reparatur\/"]}]},{"@type":"BreadcrumbList","@id":"https:\/\/aerokingairco.nl\/de\/klimaanlage-reparatur\/#breadcrumb","itemListElement":[{"@type":"ListItem","position":1,"name":"Home","item":"https:\/\/aerokingairco.nl\/de\/"},{"@type":"ListItem","position":2,"name":"Klimaanlage Reparatur"}]},{"@type":"WebSite","@id":"https:\/\/aerokingairco.nl\/de\/#website","url":"https:\/\/aerokingairco.nl\/de\/","name":"Aeroking Airco","description":"Maakt duurzaam leven mogelijk","publisher":{"@id":"https:\/\/aerokingairco.nl\/de\/#organization"},"potentialAction":[{"@type":"SearchAction","target":{"@type":"EntryPoint","urlTemplate":"https:\/\/aerokingairco.nl\/de\/?s={search_term_string}"},"query-input":{"@type":"PropertyValueSpecification","valueRequired":true,"valueName":"search_term_string"}}],"inLanguage":"de"},{"@type":"Organization","@id":"https:\/\/aerokingairco.nl\/de\/#organization","name":"Aeroking Airco","url":"https:\/\/aerokingairco.nl\/de\/","logo":{"@type":"ImageObject","inLanguage":"de","@id":"https:\/\/aerokingairco.nl\/de\/#\/schema\/logo\/image\/","url":"https:\/\/aerokingairco.nl\/wp-content\/uploads\/2023\/02\/330992712_1216724068967065_3754733078399192394_n.jpg","contentUrl":"https:\/\/aerokingairco.nl\/wp-content\/uploads\/2023\/02\/330992712_1216724068967065_3754733078399192394_n.jpg","width":869,"height":390,"caption":"Aeroking Airco"},"image":{"@id":"https:\/\/aerokingairco.nl\/de\/#\/schema\/logo\/image\/"}}]}},"jetpack_sharing_enabled":true,"_links":{"self":[{"href":"https:\/\/aerokingairco.nl\/de\/wp-json\/wp\/v2\/pages\/16607","targetHints":{"allow":["GET"]}}],"collection":[{"href":"https:\/\/aerokingairco.nl\/de\/wp-json\/wp\/v2\/pages"}],"about":[{"href":"https:\/\/aerokingairco.nl\/de\/wp-json\/wp\/v2\/types\/page"}],"author":[{"embeddable":true,"href":"https:\/\/aerokingairco.nl\/de\/wp-json\/wp\/v2\/users\/4"}],"replies":[{"embeddable":true,"href":"https:\/\/aerokingairco.nl\/de\/wp-json\/wp\/v2\/comments?post=16607"}],"version-history":[{"count":8,"href":"https:\/\/aerokingairco.nl\/de\/wp-json\/wp\/v2\/pages\/16607\/revisions"}],"predecessor-version":[{"id":17121,"href":"https:\/\/aerokingairco.nl\/de\/wp-json\/wp\/v2\/pages\/16607\/revisions\/17121"}],"wp:attachment":[{"href":"https:\/\/aerokingairco.nl\/de\/wp-json\/wp\/v2\/media?parent=16607"}],"curies":[{"name":"wp","href":"https:\/\/api.w.org\/{rel}","templated":true}]}}