{"id":16609,"date":"2022-05-09T12:58:40","date_gmt":"2022-05-09T12:58:40","guid":{"rendered":"https:\/\/aerokingairco.nl\/nachrichten\/"},"modified":"2022-07-08T12:42:31","modified_gmt":"2022-07-08T12:42:31","slug":"nachrichten","status":"publish","type":"page","link":"https:\/\/aerokingairco.nl\/de\/nachrichten\/","title":{"rendered":"Nachrichten"},"content":{"rendered":"<div class=\"wpb-content-wrapper\"><p>[vc_row css=&#8220;.vc_custom_1649678441737{padding-top: 50px !important;}&#8220;][vc_column][vc_column_text css=&#8220;.vc_custom_1652101140509{padding-bottom: 15px !important;}&#8220; el_class=&#8220;space&#8220;]M\u00f6chten Sie mehr \u00fcber Klimaanlagen erfahren?[\/vc_column_text]<div id=\"ultimate-heading-484769e257c3561cc\" class=\"uvc-heading ult-adjust-bottom-margin ultimate-heading-484769e257c3561cc uvc-6990  uvc-heading-default-font-sizes\" data-hspacer=\"no_spacer\"  data-halign=\"left\" style=\"text-align:left\"><div class=\"uvc-heading-spacer no_spacer\" style=\"top\"><\/div><div class=\"uvc-main-heading ult-responsive\"  data-ultimate-target='.uvc-heading.ultimate-heading-484769e257c3561cc h1'  data-responsive-json-new='{\"font-size\":\"\",\"line-height\":\"\"}' ><h1 style=\"--font-weight:theme;\">Nachrichten<\/h1><\/div><\/div>[\/vc_column][\/vc_row][vc_row css=&#8220;.vc_custom_1649677094124{padding-top: 50px !important;padding-bottom: 50px !important;}&#8220;][vc_column]<style type=\"text\/css\" data-type=\"the7_shortcodes-inline-css\">.blog-shortcode.blog-masonry-shortcode-id-e6abac9a9724432d2e207d263642e8f3.content-bg-on.classic-layout-list article {\n  background: #ffffff;\n  box-shadow: none;\n}\n.blog-shortcode.blog-masonry-shortcode-id-e6abac9a9724432d2e207d263642e8f3.dividers-on.classic-layout-list article {\n  padding-top: 0;\n}\n.blog-shortcode.blog-masonry-shortcode-id-e6abac9a9724432d2e207d263642e8f3.dividers-on.classic-layout-list article:first-of-type {\n  margin-top: 0;\n  padding-top: 0;\n}\n.blog-shortcode.blog-masonry-shortcode-id-e6abac9a9724432d2e207d263642e8f3.classic-layout-list.mode-list .post-entry-content {\n  width: calc(100% - );\n}\n.blog-shortcode.blog-masonry-shortcode-id-e6abac9a9724432d2e207d263642e8f3.classic-layout-list.mode-list .no-img .post-entry-content {\n  width: 100%;\n}\n.blog-shortcode.blog-masonry-shortcode-id-e6abac9a9724432d2e207d263642e8f3 .filter-bg-decoration .filter-categories a.act {\n  color: #fff;\n}\n.blog-shortcode.blog-masonry-shortcode-id-e6abac9a9724432d2e207d263642e8f3:not(.mode-masonry) article:first-of-type,\n.blog-shortcode.blog-masonry-shortcode-id-e6abac9a9724432d2e207d263642e8f3:not(.mode-masonry) article.visible.first:not(.product) {\n  margin-top: 0;\n}\n.blog-shortcode.blog-masonry-shortcode-id-e6abac9a9724432d2e207d263642e8f3.dividers-on:not(.mode-masonry) article {\n  margin-top: 0;\n}\n.blog-shortcode.blog-masonry-shortcode-id-e6abac9a9724432d2e207d263642e8f3.dividers-on:not(.mode-masonry) article:first-of-type,\n.blog-shortcode.blog-masonry-shortcode-id-e6abac9a9724432d2e207d263642e8f3.dividers-on:not(.mode-masonry) article.visible.first:not(.product) {\n  margin-top: 0;\n  padding-top: 0;\n}\n.blog-shortcode.blog-masonry-shortcode-id-e6abac9a9724432d2e207d263642e8f3 .post-thumbnail-wrap {\n  padding: 0px 0px 0px 0px;\n}\n.blog-shortcode.blog-masonry-shortcode-id-e6abac9a9724432d2e207d263642e8f3.enable-bg-rollover .post-thumbnail-rollover:after {\n  background: -webkit-linear-gradient();\n  background: linear-gradient();\n}\n.blog-shortcode.blog-masonry-shortcode-id-e6abac9a9724432d2e207d263642e8f3 .gallery-zoom-ico {\n  width: 44px;\n  height: 44px;\n  line-height: 44px;\n  border-radius: 100px;\n  margin: -22px 0 0 -22px;\n  border-width: 0px;\n  color: #ffffff;\n}\n.bottom-overlap-layout-list.blog-shortcode.blog-masonry-shortcode-id-e6abac9a9724432d2e207d263642e8f3 .gallery-zoom-ico {\n  margin-top: -72px;\n}\n.gradient-overlay-layout-list.blog-shortcode.blog-masonry-shortcode-id-e6abac9a9724432d2e207d263642e8f3 .gallery-zoom-ico,\n.content-rollover-layout-list.blog-shortcode.blog-masonry-shortcode-id-e6abac9a9724432d2e207d263642e8f3 .gallery-zoom-ico {\n  margin: 0 0 10px;\n}\n.content-align-center.gradient-overlay-layout-list.blog-shortcode.blog-masonry-shortcode-id-e6abac9a9724432d2e207d263642e8f3 .gallery-zoom-ico,\n.content-align-center.content-rollover-layout-list.blog-shortcode.blog-masonry-shortcode-id-e6abac9a9724432d2e207d263642e8f3 .gallery-zoom-ico {\n  margin: 0 auto 10px;\n}\n.dt-icon-bg-on.blog-shortcode.blog-masonry-shortcode-id-e6abac9a9724432d2e207d263642e8f3 .gallery-zoom-ico {\n  background: rgba(255,255,255,0.3);\n  box-shadow: none;\n}\n.blog-shortcode.blog-masonry-shortcode-id-e6abac9a9724432d2e207d263642e8f3 .gallery-zoom-ico > span,\n.blog-shortcode.blog-masonry-shortcode-id-e6abac9a9724432d2e207d263642e8f3 .gallery-zoom-ico:before {\n  font-size: 32px;\n  line-height: 44px;\n}\n.blog-shortcode.blog-masonry-shortcode-id-e6abac9a9724432d2e207d263642e8f3 .gallery-zoom-ico > span,\n.blog-shortcode.blog-masonry-shortcode-id-e6abac9a9724432d2e207d263642e8f3 .gallery-zoom-ico:before {\n  color: #ffffff;\n}\n.blog-shortcode.blog-masonry-shortcode-id-e6abac9a9724432d2e207d263642e8f3 .entry-title,\n.blog-shortcode.blog-masonry-shortcode-id-e6abac9a9724432d2e207d263642e8f3.owl-carousel .entry-title {\n  margin-bottom: 5px;\n}\n.blog-shortcode.blog-masonry-shortcode-id-e6abac9a9724432d2e207d263642e8f3 .entry-title a,\n.blog-shortcode.blog-masonry-shortcode-id-e6abac9a9724432d2e207d263642e8f3.owl-carousel .entry-title a {\n  color: #2097d3;\n}\n.blog-shortcode.blog-masonry-shortcode-id-e6abac9a9724432d2e207d263642e8f3 .entry-meta {\n  margin-bottom: 15px;\n}\n.blog-shortcode.blog-masonry-shortcode-id-e6abac9a9724432d2e207d263642e8f3 .portfolio-categories {\n  margin-bottom: 15px;\n}\n.blog-shortcode.blog-masonry-shortcode-id-e6abac9a9724432d2e207d263642e8f3 .entry-excerpt {\n  margin-bottom: 5px;\n}\n.blog-shortcode.blog-masonry-shortcode-id-e6abac9a9724432d2e207d263642e8f3:not(.centered-layout-list) .post-entry-content {\n  padding: 25px 30px 25px 30px;\n}\n.blog-shortcode.blog-masonry-shortcode-id-e6abac9a9724432d2e207d263642e8f3:not(.centered-layout-list):not(.content-bg-on):not(.mode-list) .no-img .post-entry-content {\n  padding: 0;\n}\n.blog-shortcode.blog-masonry-shortcode-id-e6abac9a9724432d2e207d263642e8f3.content-bg-on:not(.classic-layout-list):not(.centered-layout-list) .post-entry-content {\n  background: #ffffff;\n  box-shadow: none;\n}\n.blog-shortcode.blog-masonry-shortcode-id-e6abac9a9724432d2e207d263642e8f3 .post-details.details-type-link,\n.blog-shortcode.blog-masonry-shortcode-id-e6abac9a9724432d2e207d263642e8f3 .post-details.details-type-link * {\n  color: #2097d3;\n}\n@media screen and (max-width: ) {\n  .blog-shortcode.blog-masonry-shortcode-id-e6abac9a9724432d2e207d263642e8f3 article {\n    -ms-flex-flow: column nowrap;\n    flex-flow: column nowrap;\n    margin-top: 20px;\n  }\n  .blog-shortcode.blog-masonry-shortcode-id-e6abac9a9724432d2e207d263642e8f3.dividers-on article {\n    border: none;\n  }\n  .blog-shortcode.blog-masonry-shortcode-id-e6abac9a9724432d2e207d263642e8f3.content-bg-on.centered-layout-list article {\n    padding: 0;\n  }\n  .blog-shortcode.blog-masonry-shortcode-id-e6abac9a9724432d2e207d263642e8f3.blog-shortcode.dividers-on article,\n  .blog-shortcode.blog-masonry-shortcode-id-e6abac9a9724432d2e207d263642e8f3.dividers-on.classic-layout-list article {\n    margin-top: 20px;\n    padding: 0;\n  }\n  .blog-shortcode.blog-masonry-shortcode-id-e6abac9a9724432d2e207d263642e8f3.blog-shortcode.dividers-on article:first-of-type,\n  .blog-shortcode.blog-masonry-shortcode-id-e6abac9a9724432d2e207d263642e8f3.dividers-on.classic-layout-list article:first-of-type {\n    padding: 0;\n  }\n  #page .blog-shortcode.blog-masonry-shortcode-id-e6abac9a9724432d2e207d263642e8f3 .post-thumbnail-wrap,\n  #page .blog-shortcode.blog-masonry-shortcode-id-e6abac9a9724432d2e207d263642e8f3 .post-entry-content {\n    width: 100%;\n    margin: 0;\n    top: 0;\n  }\n  #page .blog-shortcode.blog-masonry-shortcode-id-e6abac9a9724432d2e207d263642e8f3 .post-thumbnail-wrap {\n    padding: 0;\n  }\n  #page .blog-shortcode.blog-masonry-shortcode-id-e6abac9a9724432d2e207d263642e8f3 .post-entry-content:after {\n    display: none;\n  }\n  #page .blog-shortcode.blog-masonry-shortcode-id-e6abac9a9724432d2e207d263642e8f3 .project-even .post-thumbnail-wrap,\n  #page .blog-shortcode.blog-masonry-shortcode-id-e6abac9a9724432d2e207d263642e8f3.centered-layout-list .post-thumbnail-wrap {\n    -ms-flex-order: 0;\n    order: 0;\n  }\n  #page .blog-shortcode.blog-masonry-shortcode-id-e6abac9a9724432d2e207d263642e8f3.centered-layout-list .post-entry-title-content {\n    -ms-flex-order: 1;\n    order: 1;\n    width: 100%;\n    padding: 20px 20px 0;\n  }\n  #page .blog-shortcode.blog-masonry-shortcode-id-e6abac9a9724432d2e207d263642e8f3.centered-layout-list .post-entry-content {\n    -ms-flex-order: 2;\n    order: 2;\n    padding-top: 0;\n  }\n  #page .blog-shortcode.blog-masonry-shortcode-id-e6abac9a9724432d2e207d263642e8f3 .fancy-categories {\n    top: 10px;\n    left: 10px;\n    bottom: auto;\n    right: auto;\n  }\n  #page .blog-shortcode.blog-masonry-shortcode-id-e6abac9a9724432d2e207d263642e8f3 .fancy-date a {\n    top: 10px;\n    right: 10px;\n    left: auto;\n    bottom: auto;\n  }\n  #page .blog-shortcode.blog-masonry-shortcode-id-e6abac9a9724432d2e207d263642e8f3 .post-entry-content {\n    padding: 20px;\n  }\n  #page .blog-shortcode.blog-masonry-shortcode-id-e6abac9a9724432d2e207d263642e8f3 .entry-title {\n    margin: 3px 0 5px;\n    font-size: 20px;\n    line-height: 26px;\n  }\n  #page .blog-shortcode.blog-masonry-shortcode-id-e6abac9a9724432d2e207d263642e8f3 .entry-meta {\n    margin: 5px 0 5px;\n  }\n  #page .blog-shortcode.blog-masonry-shortcode-id-e6abac9a9724432d2e207d263642e8f3 .entry-excerpt {\n    margin: 15px 0 0;\n  }\n  #page .blog-shortcode.blog-masonry-shortcode-id-e6abac9a9724432d2e207d263642e8f3 .post-details {\n    margin: 5px 0 10px;\n  }\n  #page .blog-shortcode.blog-masonry-shortcode-id-e6abac9a9724432d2e207d263642e8f3 .post-details.details-type-link {\n    margin-bottom: 2px;\n  }\n}\n.blog-shortcode.blog-masonry-shortcode-id-e6abac9a9724432d2e207d263642e8f3:not(.resize-by-browser-width) .dt-css-grid {\n  grid-row-gap: 30px;\n  grid-column-gap: 30px;\n  grid-template-columns: repeat(auto-fill,minmax(,1fr));\n}\n.blog-shortcode.blog-masonry-shortcode-id-e6abac9a9724432d2e207d263642e8f3:not(.resize-by-browser-width) .dt-css-grid .double-width {\n  grid-column: span 2;\n}\n.cssgridlegacy.no-cssgrid .blog-shortcode.blog-masonry-shortcode-id-e6abac9a9724432d2e207d263642e8f3:not(.resize-by-browser-width) .dt-css-grid,\n.no-cssgridlegacy.no-cssgrid .blog-shortcode.blog-masonry-shortcode-id-e6abac9a9724432d2e207d263642e8f3:not(.resize-by-browser-width) .dt-css-grid {\n  display: flex;\n  flex-flow: row wrap;\n  margin: -15px;\n}\n.cssgridlegacy.no-cssgrid .blog-shortcode.blog-masonry-shortcode-id-e6abac9a9724432d2e207d263642e8f3:not(.resize-by-browser-width) .dt-css-grid .wf-cell,\n.no-cssgridlegacy.no-cssgrid .blog-shortcode.blog-masonry-shortcode-id-e6abac9a9724432d2e207d263642e8f3:not(.resize-by-browser-width) .dt-css-grid .wf-cell {\n  flex: 1 0 ;\n  max-width: 100%;\n  padding: 15px;\n  box-sizing: border-box;\n}\n.blog-shortcode.blog-masonry-shortcode-id-e6abac9a9724432d2e207d263642e8f3.resize-by-browser-width .dt-css-grid {\n  grid-template-columns: repeat(3,1fr);\n  grid-template-rows: auto;\n  grid-column-gap: 30px;\n  grid-row-gap: 30px;\n}\n.blog-shortcode.blog-masonry-shortcode-id-e6abac9a9724432d2e207d263642e8f3.resize-by-browser-width .dt-css-grid .double-width {\n  grid-column: span 2;\n}\n.cssgridlegacy.no-cssgrid .blog-shortcode.blog-masonry-shortcode-id-e6abac9a9724432d2e207d263642e8f3.resize-by-browser-width .dt-css-grid {\n  margin: -15px;\n}\n.cssgridlegacy.no-cssgrid .blog-shortcode.blog-masonry-shortcode-id-e6abac9a9724432d2e207d263642e8f3.resize-by-browser-width .dt-css-grid .wf-cell {\n  width: 33.333333333333%;\n  padding: 15px;\n}\n.cssgridlegacy.no-cssgrid .blog-shortcode.blog-masonry-shortcode-id-e6abac9a9724432d2e207d263642e8f3.resize-by-browser-width .dt-css-grid .wf-cell.double-width {\n  width: calc(33.333333333333%) * 2;\n}\n.blog-shortcode.blog-masonry-shortcode-id-e6abac9a9724432d2e207d263642e8f3.resize-by-browser-width:not(.centered-layout-list):not(.content-bg-on) .dt-css-grid {\n  grid-row-gap: 5px;\n}\n@media screen and (max-width: 1199px) {\n  .blog-shortcode.blog-masonry-shortcode-id-e6abac9a9724432d2e207d263642e8f3.resize-by-browser-width .dt-css-grid {\n    grid-template-columns: repeat(3,1fr);\n  }\n  .cssgridlegacy.no-cssgrid .blog-shortcode.blog-masonry-shortcode-id-e6abac9a9724432d2e207d263642e8f3.resize-by-browser-width .dt-css-grid .wf-cell,\n  .no-cssgridlegacy.no-cssgrid .blog-shortcode.blog-masonry-shortcode-id-e6abac9a9724432d2e207d263642e8f3.resize-by-browser-width .dt-css-grid .wf-cell {\n    width: 33.333333333333%;\n  }\n  .cssgridlegacy.no-cssgrid .blog-shortcode.blog-masonry-shortcode-id-e6abac9a9724432d2e207d263642e8f3.resize-by-browser-width .dt-css-grid .wf-cell.double-width,\n  .no-cssgridlegacy.no-cssgrid .blog-shortcode.blog-masonry-shortcode-id-e6abac9a9724432d2e207d263642e8f3.resize-by-browser-width .dt-css-grid .wf-cell.double-width {\n    width: calc(33.333333333333%)*2;\n  }\n}\n@media screen and (max-width: 991px) {\n  .blog-shortcode.blog-masonry-shortcode-id-e6abac9a9724432d2e207d263642e8f3.resize-by-browser-width .dt-css-grid {\n    grid-template-columns: repeat(2,1fr);\n  }\n  .cssgridlegacy.no-cssgrid .blog-shortcode.blog-masonry-shortcode-id-e6abac9a9724432d2e207d263642e8f3.resize-by-browser-width .dt-css-grid .wf-cell,\n  .no-cssgridlegacy.no-cssgrid .blog-shortcode.blog-masonry-shortcode-id-e6abac9a9724432d2e207d263642e8f3.resize-by-browser-width .dt-css-grid .wf-cell {\n    width: 50%;\n  }\n  .cssgridlegacy.no-cssgrid .blog-shortcode.blog-masonry-shortcode-id-e6abac9a9724432d2e207d263642e8f3.resize-by-browser-width .dt-css-grid .wf-cell.double-width,\n  .no-cssgridlegacy.no-cssgrid .blog-shortcode.blog-masonry-shortcode-id-e6abac9a9724432d2e207d263642e8f3.resize-by-browser-width .dt-css-grid .wf-cell.double-width {\n    width: calc(50%)*2;\n  }\n}\n@media screen and (max-width: 767px) {\n  .blog-shortcode.blog-masonry-shortcode-id-e6abac9a9724432d2e207d263642e8f3.resize-by-browser-width .dt-css-grid {\n    grid-template-columns: repeat(1,1fr);\n  }\n  .blog-shortcode.blog-masonry-shortcode-id-e6abac9a9724432d2e207d263642e8f3.resize-by-browser-width .dt-css-grid .double-width {\n    grid-column: span 1;\n  }\n  .cssgridlegacy.no-cssgrid .blog-shortcode.blog-masonry-shortcode-id-e6abac9a9724432d2e207d263642e8f3.resize-by-browser-width .dt-css-grid .wf-cell,\n  .no-cssgridlegacy.no-cssgrid .blog-shortcode.blog-masonry-shortcode-id-e6abac9a9724432d2e207d263642e8f3.resize-by-browser-width .dt-css-grid .wf-cell {\n    width: 100%;\n  }\n  .cssgridlegacy.no-cssgrid .blog-shortcode.blog-masonry-shortcode-id-e6abac9a9724432d2e207d263642e8f3.resize-by-browser-width .dt-css-grid .wf-cell.double-width,\n  .no-cssgridlegacy.no-cssgrid .blog-shortcode.blog-masonry-shortcode-id-e6abac9a9724432d2e207d263642e8f3.resize-by-browser-width .dt-css-grid .wf-cell.double-width {\n    width: calc(100%)*2;\n  }\n}<\/style><div class=\"blog-shortcode blog-masonry-shortcode-id-e6abac9a9724432d2e207d263642e8f3 mode-grid classic-layout-list content-bg-on jquery-filter content-align-center scale-img dt-css-grid-wrap dt-icon-bg-off resize-by-browser-width loading-effect-none description-under-image \" data-padding=\"15px\" data-cur-page=\"1\" data-post-limit=\"-1\" data-pagination-mode=\"none\" data-desktop-columns-num=\"3\" data-v-tablet-columns-num=\"2\" data-h-tablet-columns-num=\"3\" data-phone-columns-num=\"1\" data-width=\"0px\" data-columns=\"0\"><div class=\"dt-css-grid\" ><div class=\"visible wf-cell\" data-post-id=\"16618\" data-date=\"2022-05-09T13:18:07+00:00\" data-name=\"Verbrauch von Gas und Klimaanlagen\"><article class=\"post project-odd visible post-16618 type-post status-publish format-standard has-post-thumbnail hentry category-unkategorisiert category-76 description-off\" data-name=\"Verbrauch von Gas und Klimaanlagen\" data-date=\"2022-05-09T13:18:07+00:00\">\n\n<div class=\"post-thumbnail-wrap\">\n\t<div class=\"post-thumbnail\">\n\t\t\n\t\t\n\t\t<a href=\"https:\/\/aerokingairco.nl\/de\/verbrauch-von-gas-und-klimaanlagen\/\" class=\"post-thumbnail-rollover layzr-bg layzr-bg\" ><img fetchpriority=\"high\" decoding=\"async\" class=\"iso-lazy-load preload-me iso-lazy-load aspect\" src=\"data:image\/svg+xml,%3Csvg%20xmlns%3D&#39;http%3A%2F%2Fwww.w3.org%2F2000%2Fsvg&#39;%20viewBox%3D&#39;0%200%20750%20375&#39;%2F%3E\" data-src=\"https:\/\/aerokingairco.nl\/wp-content\/uploads\/2022\/04\/female-hand-adjusting-temperature-with-dial-on-air-2021-08-26-23-05-31-utc-750x375.jpg\" data-srcset=\"https:\/\/aerokingairco.nl\/wp-content\/uploads\/2022\/04\/female-hand-adjusting-temperature-with-dial-on-air-2021-08-26-23-05-31-utc-750x375.jpg 750w\" loading=\"eager\" style=\"--ratio: 750 \/ 375\" sizes=\"(max-width: 750px) 100vw, 750px\" alt=\"onderhoud airco\" title=\"female hand adjusting temperature with dial on air conditioning\" width=\"750\" height=\"375\"  \/><\/a>\t<\/div>\n<\/div>\n\n\n<div class=\"post-entry-content\">\n\n\t<h3 class=\"entry-title\">\n\t\t<a href=\"https:\/\/aerokingairco.nl\/de\/verbrauch-von-gas-und-klimaanlagen\/\" title=\"Verbrauch von Gas und Klimaanlagen\" rel=\"bookmark\">Verbrauch von Gas und Klimaanlagen<\/a>\n\t<\/h3>\n\n\t<div class=\"entry-meta\"><a href=\"https:\/\/aerokingairco.nl\/de\/2022\/05\/09\/\" title=\"13:18\" class=\"data-link\" rel=\"bookmark\"><time class=\"entry-date updated\" datetime=\"2022-05-09T13:18:07+00:00\">9. Mai 2022<\/time><\/a><\/div>\n\t\n\t\n<\/div><\/article><\/div><\/div><!-- iso-container|iso-grid --><\/div>[\/vc_column][\/vc_row]<\/p>\n<\/div>","protected":false},"excerpt":{"rendered":"<p>[vc_row css=&#8220;.vc_custom_1649678441737{padding-top: 50px !important;}&#8220;][vc_column][vc_column_text css=&#8220;.vc_custom_1652101140509{padding-bottom: 15px !important;}&#8220; el_class=&#8220;space&#8220;]M\u00f6chten Sie mehr \u00fcber Klimaanlagen erfahren?[\/vc_column_text][\/vc_column][\/vc_row][vc_row css=&#8220;.vc_custom_1649677094124{padding-top: 50px !important;padding-bottom: 50px !important;}&#8220;][vc_column][\/vc_column][\/vc_row]<\/p>\n","protected":false},"author":4,"featured_media":0,"parent":0,"menu_order":0,"comment_status":"closed","ping_status":"closed","template":"","meta":{"_joinchat":[],"footnotes":""},"class_list":["post-16609","page","type-page","status-publish","hentry","description-off"],"yoast_head":"<!-- This site is optimized with the Yoast SEO plugin v27.0 - https:\/\/yoast.com\/product\/yoast-seo-wordpress\/ -->\n<title>Nachrichten - Aeroking Airco<\/title>\n<meta name=\"description\" content=\"Lesen Sie die neuesten Nachrichten \u00fcber Klimaanlagen. Wir erz\u00e4hlen Ihnen mehr \u00fcber die Nutzung und den Verbrauch von Klimaanlagen.\" \/>\n<meta name=\"robots\" content=\"index, follow, max-snippet:-1, max-image-preview:large, max-video-preview:-1\" \/>\n<link rel=\"canonical\" href=\"https:\/\/aerokingairco.nl\/de\/nachrichten\/\" \/>\n<meta property=\"og:locale\" content=\"de_DE\" \/>\n<meta property=\"og:type\" content=\"article\" \/>\n<meta property=\"og:title\" content=\"Nachrichten - Aeroking Airco\" \/>\n<meta property=\"og:description\" content=\"Lesen Sie die neuesten Nachrichten \u00fcber Klimaanlagen. Wir erz\u00e4hlen Ihnen mehr \u00fcber die Nutzung und den Verbrauch von Klimaanlagen.\" \/>\n<meta property=\"og:url\" content=\"https:\/\/aerokingairco.nl\/de\/nachrichten\/\" \/>\n<meta property=\"og:site_name\" content=\"Aeroking Airco\" \/>\n<meta property=\"article:modified_time\" content=\"2022-07-08T12:42:31+00:00\" \/>\n<meta name=\"twitter:card\" content=\"summary_large_image\" \/>\n<meta name=\"twitter:label1\" content=\"Gesch\u00e4tzte Lesezeit\" \/>\n\t<meta name=\"twitter:data1\" content=\"1\u00a0Minute\" \/>\n<script type=\"application\/ld+json\" class=\"yoast-schema-graph\">{\"@context\":\"https:\/\/schema.org\",\"@graph\":[{\"@type\":\"WebPage\",\"@id\":\"https:\/\/aerokingairco.nl\/de\/nachrichten\/\",\"url\":\"https:\/\/aerokingairco.nl\/de\/nachrichten\/\",\"name\":\"Nachrichten - Aeroking Airco\",\"isPartOf\":{\"@id\":\"https:\/\/aerokingairco.nl\/de\/#website\"},\"datePublished\":\"2022-05-09T12:58:40+00:00\",\"dateModified\":\"2022-07-08T12:42:31+00:00\",\"description\":\"Lesen Sie die neuesten Nachrichten \u00fcber Klimaanlagen. Wir erz\u00e4hlen Ihnen mehr \u00fcber die Nutzung und den Verbrauch von Klimaanlagen.\",\"breadcrumb\":{\"@id\":\"https:\/\/aerokingairco.nl\/de\/nachrichten\/#breadcrumb\"},\"inLanguage\":\"de\",\"potentialAction\":[{\"@type\":\"ReadAction\",\"target\":[\"https:\/\/aerokingairco.nl\/de\/nachrichten\/\"]}]},{\"@type\":\"BreadcrumbList\",\"@id\":\"https:\/\/aerokingairco.nl\/de\/nachrichten\/#breadcrumb\",\"itemListElement\":[{\"@type\":\"ListItem\",\"position\":1,\"name\":\"Home\",\"item\":\"https:\/\/aerokingairco.nl\/de\/\"},{\"@type\":\"ListItem\",\"position\":2,\"name\":\"Nachrichten\"}]},{\"@type\":\"WebSite\",\"@id\":\"https:\/\/aerokingairco.nl\/de\/#website\",\"url\":\"https:\/\/aerokingairco.nl\/de\/\",\"name\":\"Aeroking Airco\",\"description\":\"Maakt duurzaam leven mogelijk\",\"publisher\":{\"@id\":\"https:\/\/aerokingairco.nl\/de\/#organization\"},\"potentialAction\":[{\"@type\":\"SearchAction\",\"target\":{\"@type\":\"EntryPoint\",\"urlTemplate\":\"https:\/\/aerokingairco.nl\/de\/?s={search_term_string}\"},\"query-input\":{\"@type\":\"PropertyValueSpecification\",\"valueRequired\":true,\"valueName\":\"search_term_string\"}}],\"inLanguage\":\"de\"},{\"@type\":\"Organization\",\"@id\":\"https:\/\/aerokingairco.nl\/de\/#organization\",\"name\":\"Aeroking Airco\",\"url\":\"https:\/\/aerokingairco.nl\/de\/\",\"logo\":{\"@type\":\"ImageObject\",\"inLanguage\":\"de\",\"@id\":\"https:\/\/aerokingairco.nl\/de\/#\/schema\/logo\/image\/\",\"url\":\"https:\/\/aerokingairco.nl\/wp-content\/uploads\/2023\/02\/330992712_1216724068967065_3754733078399192394_n.jpg\",\"contentUrl\":\"https:\/\/aerokingairco.nl\/wp-content\/uploads\/2023\/02\/330992712_1216724068967065_3754733078399192394_n.jpg\",\"width\":869,\"height\":390,\"caption\":\"Aeroking Airco\"},\"image\":{\"@id\":\"https:\/\/aerokingairco.nl\/de\/#\/schema\/logo\/image\/\"}}]}<\/script>\n<!-- \/ Yoast SEO plugin. -->","yoast_head_json":{"title":"Nachrichten - Aeroking Airco","description":"Lesen Sie die neuesten Nachrichten \u00fcber Klimaanlagen. Wir erz\u00e4hlen Ihnen mehr \u00fcber die Nutzung und den Verbrauch von Klimaanlagen.","robots":{"index":"index","follow":"follow","max-snippet":"max-snippet:-1","max-image-preview":"max-image-preview:large","max-video-preview":"max-video-preview:-1"},"canonical":"https:\/\/aerokingairco.nl\/de\/nachrichten\/","og_locale":"de_DE","og_type":"article","og_title":"Nachrichten - Aeroking Airco","og_description":"Lesen Sie die neuesten Nachrichten \u00fcber Klimaanlagen. Wir erz\u00e4hlen Ihnen mehr \u00fcber die Nutzung und den Verbrauch von Klimaanlagen.","og_url":"https:\/\/aerokingairco.nl\/de\/nachrichten\/","og_site_name":"Aeroking Airco","article_modified_time":"2022-07-08T12:42:31+00:00","twitter_card":"summary_large_image","twitter_misc":{"Gesch\u00e4tzte Lesezeit":"1\u00a0Minute"},"schema":{"@context":"https:\/\/schema.org","@graph":[{"@type":"WebPage","@id":"https:\/\/aerokingairco.nl\/de\/nachrichten\/","url":"https:\/\/aerokingairco.nl\/de\/nachrichten\/","name":"Nachrichten - Aeroking Airco","isPartOf":{"@id":"https:\/\/aerokingairco.nl\/de\/#website"},"datePublished":"2022-05-09T12:58:40+00:00","dateModified":"2022-07-08T12:42:31+00:00","description":"Lesen Sie die neuesten Nachrichten \u00fcber Klimaanlagen. Wir erz\u00e4hlen Ihnen mehr \u00fcber die Nutzung und den Verbrauch von Klimaanlagen.","breadcrumb":{"@id":"https:\/\/aerokingairco.nl\/de\/nachrichten\/#breadcrumb"},"inLanguage":"de","potentialAction":[{"@type":"ReadAction","target":["https:\/\/aerokingairco.nl\/de\/nachrichten\/"]}]},{"@type":"BreadcrumbList","@id":"https:\/\/aerokingairco.nl\/de\/nachrichten\/#breadcrumb","itemListElement":[{"@type":"ListItem","position":1,"name":"Home","item":"https:\/\/aerokingairco.nl\/de\/"},{"@type":"ListItem","position":2,"name":"Nachrichten"}]},{"@type":"WebSite","@id":"https:\/\/aerokingairco.nl\/de\/#website","url":"https:\/\/aerokingairco.nl\/de\/","name":"Aeroking Airco","description":"Maakt duurzaam leven mogelijk","publisher":{"@id":"https:\/\/aerokingairco.nl\/de\/#organization"},"potentialAction":[{"@type":"SearchAction","target":{"@type":"EntryPoint","urlTemplate":"https:\/\/aerokingairco.nl\/de\/?s={search_term_string}"},"query-input":{"@type":"PropertyValueSpecification","valueRequired":true,"valueName":"search_term_string"}}],"inLanguage":"de"},{"@type":"Organization","@id":"https:\/\/aerokingairco.nl\/de\/#organization","name":"Aeroking Airco","url":"https:\/\/aerokingairco.nl\/de\/","logo":{"@type":"ImageObject","inLanguage":"de","@id":"https:\/\/aerokingairco.nl\/de\/#\/schema\/logo\/image\/","url":"https:\/\/aerokingairco.nl\/wp-content\/uploads\/2023\/02\/330992712_1216724068967065_3754733078399192394_n.jpg","contentUrl":"https:\/\/aerokingairco.nl\/wp-content\/uploads\/2023\/02\/330992712_1216724068967065_3754733078399192394_n.jpg","width":869,"height":390,"caption":"Aeroking Airco"},"image":{"@id":"https:\/\/aerokingairco.nl\/de\/#\/schema\/logo\/image\/"}}]}},"jetpack_sharing_enabled":true,"_links":{"self":[{"href":"https:\/\/aerokingairco.nl\/de\/wp-json\/wp\/v2\/pages\/16609","targetHints":{"allow":["GET"]}}],"collection":[{"href":"https:\/\/aerokingairco.nl\/de\/wp-json\/wp\/v2\/pages"}],"about":[{"href":"https:\/\/aerokingairco.nl\/de\/wp-json\/wp\/v2\/types\/page"}],"author":[{"embeddable":true,"href":"https:\/\/aerokingairco.nl\/de\/wp-json\/wp\/v2\/users\/4"}],"replies":[{"embeddable":true,"href":"https:\/\/aerokingairco.nl\/de\/wp-json\/wp\/v2\/comments?post=16609"}],"version-history":[{"count":1,"href":"https:\/\/aerokingairco.nl\/de\/wp-json\/wp\/v2\/pages\/16609\/revisions"}],"predecessor-version":[{"id":16617,"href":"https:\/\/aerokingairco.nl\/de\/wp-json\/wp\/v2\/pages\/16609\/revisions\/16617"}],"wp:attachment":[{"href":"https:\/\/aerokingairco.nl\/de\/wp-json\/wp\/v2\/media?parent=16609"}],"curies":[{"name":"wp","href":"https:\/\/api.w.org\/{rel}","templated":true}]}}