{"id":16613,"date":"2022-05-09T13:12:16","date_gmt":"2022-05-09T13:12:16","guid":{"rendered":"https:\/\/aerokingairco.nl\/kontakt\/fordern-sie-ein-angebot-an\/"},"modified":"2022-05-09T13:41:25","modified_gmt":"2022-05-09T13:41:25","slug":"fordern-sie-ein-angebot-an","status":"publish","type":"page","link":"https:\/\/aerokingairco.nl\/de\/fordern-sie-ein-angebot-an\/","title":{"rendered":"Fordern Sie ein Angebot an!"},"content":{"rendered":"<div class=\"wpb-content-wrapper\"><p>[vc_row css=&#8220;.vc_custom_1650617028204{margin-top: 50px !important;}&#8220;][vc_column width=&#8220;1\/2&#8243; css=&#8220;.vc_custom_1651668346362{padding-top: 50px !important;padding-bottom: 50px !important;background-image: url(https:\/\/aerokingairco.nl\/wp-content\/uploads\/2022\/04\/gradient-_Tekengebied-1-scaled.jpg?id=15875) !important;background-position: center !important;background-repeat: no-repeat !important;background-size: cover !important;border-radius: 5px !important;}&#8220; el_class=&#8220;padding-left padding-right&#8220;][vc_column_text css=&#8220;.vc_custom_1650616837365{padding-bottom: 15px !important;}&#8220; el_class=&#8220;space&#8220;]<\/p>\n<p style=\"color: #fff;\">Sind Sie an unseren Dienstleistungen interessiert?<\/p>\n<p>[\/vc_column_text]<div id=\"ultimate-heading-208469e25d4724d6e\" class=\"uvc-heading ult-adjust-bottom-margin ultimate-heading-208469e25d4724d6e uvc-2858  uvc-heading-default-font-sizes\" data-hspacer=\"no_spacer\"  data-halign=\"left\" style=\"text-align:left\"><div class=\"uvc-heading-spacer no_spacer\" style=\"top\"><\/div><div class=\"uvc-main-heading ult-responsive\"  data-ultimate-target='.uvc-heading.ultimate-heading-208469e25d4724d6e h1'  data-responsive-json-new='{\"font-size\":\"\",\"line-height\":\"\"}' ><h1 style=\"--font-weight:theme;color:#ffffff;margin-bottom:15px;\">Fordern Sie ein Angebot an!<\/h1><\/div><\/div>[vc_column_text css=&#8220;.vc_custom_1652101953906{padding-bottom: 25px !important;}&#8220;]<\/p>\n<p style=\"color: #fff;\">Sie interessieren sich f\u00fcr eine unserer Leistungen? Fordern Sie online ein Angebot an und wir werden uns so schnell wie m\u00f6glich mit Ihnen in Verbindung setzen. Wenn Sie noch weitere Informationen ben\u00f6tigen, bevor Sie ein Angebot anfordern, kontaktieren Sie uns bitte zuerst oder machen Sie die Auswahl der Klimaanlage.<\/p>\n<p>[\/vc_column_text]<style type=\"text\/css\" data-type=\"the7_shortcodes-inline-css\">#default-btn-d8aae8ff0afc938c44ff45edddaef2c4 {\n  border-radius: 5px;\n  font-size: 16px;\n  line-height: 18px;\n}\n.btn-shadow#default-btn-d8aae8ff0afc938c44ff45edddaef2c4 {\n  box-shadow: 0 1px 6px rgba(0,0,0,0.12);\n  transition: box-shadow 0.2s ease-out, opacity 0.45s;\n}\n.btn-shadow#default-btn-d8aae8ff0afc938c44ff45edddaef2c4:hover {\n  box-shadow: 0 5px 11px 0 rgba(0,0,0,0.18), 0 4px 15px 0 rgba(0,0,0,0.15);\n}\n.btn-3d#default-btn-d8aae8ff0afc938c44ff45edddaef2c4:hover {\n  box-shadow: 0px 2px 0px 0px #e0e0e0;\n}\n.btn-flat#default-btn-d8aae8ff0afc938c44ff45edddaef2c4 {\n  box-shadow: none;\n}\n.btn-flat#default-btn-d8aae8ff0afc938c44ff45edddaef2c4:hover {\n  box-shadow: none;\n}\n#default-btn-d8aae8ff0afc938c44ff45edddaef2c4.ico-right-side > i {\n  margin-right: 0px;\n  margin-left: 8px;\n}\n#default-btn-d8aae8ff0afc938c44ff45edddaef2c4 > i {\n  margin-right: 8px;\n  font-size: 12px;\n}\n#default-btn-d8aae8ff0afc938c44ff45edddaef2c4:not(:hover) {\n  border-width: 2px;\n  border-color: #ffffff !important;\n  color: #ffffff;\n  padding: 12px 18px 12px 18px;\n}\n#default-btn-d8aae8ff0afc938c44ff45edddaef2c4:not(:hover) * {\n  color: #ffffff;\n}\n#default-btn-d8aae8ff0afc938c44ff45edddaef2c4:hover {\n  border-width: 2px;\n  border-color: #ffffff !important;\n  color: #232323;\n  background: #ffffff !important;\n  padding: 12px 18px 12px 18px;\n}\n#default-btn-d8aae8ff0afc938c44ff45edddaef2c4:hover * {\n  color: #232323;\n}\n#default-btn-d8aae8ff0afc938c44ff45edddaef2c4.ico-right-side > i {\n  margin-right: 0px;\n  margin-left: 8px;\n}\n#default-btn-d8aae8ff0afc938c44ff45edddaef2c4 > i {\n  margin-right: 8px;\n}<\/style><a href=\"\/contact\/\" class=\"default-btn-shortcode dt-btn link-hover-off btn-inline-left btn-flat \" id=\"default-btn-d8aae8ff0afc938c44ff45edddaef2c4\"><span>Kontaktieren Sie uns<\/span><\/a>[\/vc_column][vc_column width=&#8220;1\/2&#8243; css=&#8220;.vc_custom_1650617066981{margin-top: -2em !important;margin-left: -6% !important;}&#8220;][vc_empty_space height=&#8220;350&#8243; css=&#8220;.vc_custom_1649066631984{background-image: url(https:\/\/aerokingairco.nl\/wp-content\/uploads\/2022\/04\/man-serving-the-air-conditioner-2021-11-02-00-26-58-utc-kopieren.jpg?id=15859) !important;background-position: center !important;background-repeat: no-repeat !important;background-size: cover !important;border-radius: 5px !important;}&#8220;][\/vc_column][\/vc_row][vc_row gap=&#8220;15&#8243; equal_height=&#8220;yes&#8220; css=&#8220;.vc_custom_1649331404901{padding-top: 50px !important;padding-bottom: 50px !important;}&#8220;][vc_column width=&#8220;2\/3&#8243; css=&#8220;.vc_custom_1650616582255{border-top-width: 2px !important;border-right-width: 2px !important;border-bottom-width: 2px !important;border-left-width: 2px !important;padding-top: 1em !important;padding-right: 1em !important;padding-bottom: 1em !important;padding-left: 1em !important;border-left-color: #3fccff !important;border-left-style: solid !important;border-right-color: #3fccff !important;border-right-style: solid !important;border-top-color: #3fccff !important;border-top-style: solid !important;border-bottom-color: #3fccff !important;border-bottom-style: solid !important;border-radius: 5px !important;}&#8220;]<div id=\"ultimate-heading-616669e25d4724f29\" class=\"uvc-heading ult-adjust-bottom-margin ultimate-heading-616669e25d4724f29 uvc-9476  uvc-heading-default-font-sizes\" data-hspacer=\"no_spacer\"  data-halign=\"left\" style=\"text-align:left\"><div class=\"uvc-heading-spacer no_spacer\" style=\"top\"><\/div><div class=\"uvc-main-heading ult-responsive\"  data-ultimate-target='.uvc-heading.ultimate-heading-616669e25d4724f29 h3'  data-responsive-json-new='{\"font-size\":\"\",\"line-height\":\"\"}' ><h3 style=\"--font-weight:theme;\">Geben Sie unten Ihre Daten ein, um ein kostenloses Angebot anzufordern<\/h3><\/div><\/div>\n<div class=\"wpcf7 no-js\" id=\"wpcf7-f16623-o1\" lang=\"nl-NL\" dir=\"ltr\" data-wpcf7-id=\"16623\">\n<div class=\"screen-reader-response\"><p role=\"status\" aria-live=\"polite\" aria-atomic=\"true\"><\/p> <ul><\/ul><\/div>\n<form action=\"\/de\/wp-json\/wp\/v2\/pages\/16613#wpcf7-f16623-o1\" method=\"post\" class=\"wpcf7-form init\" aria-label=\"Contactformulier\" novalidate=\"novalidate\" data-status=\"init\">\n<fieldset class=\"hidden-fields-container\"><input type=\"hidden\" name=\"_wpcf7\" value=\"16623\" \/><input type=\"hidden\" name=\"_wpcf7_version\" value=\"6.1.5\" \/><input type=\"hidden\" name=\"_wpcf7_locale\" value=\"nl_NL\" \/><input type=\"hidden\" name=\"_wpcf7_unit_tag\" value=\"wpcf7-f16623-o1\" \/><input type=\"hidden\" name=\"_wpcf7_container_post\" value=\"0\" \/><input type=\"hidden\" name=\"_wpcf7_posted_data_hash\" value=\"\" \/><input type=\"hidden\" name=\"_wpcf7_recaptcha_response\" value=\"\" \/>\n<\/fieldset>\n<p><span class=\"wpcf7-form-control-wrap\" data-name=\"naam\"><input size=\"40\" maxlength=\"400\" class=\"wpcf7-form-control wpcf7-text wpcf7-validates-as-required\" aria-required=\"true\" aria-invalid=\"false\" placeholder=\"Ihr Name\" value=\"\" type=\"text\" name=\"naam\" \/><\/span>\n<\/p>\n<p><span class=\"wpcf7-form-control-wrap\" data-name=\"mail\"><input size=\"40\" maxlength=\"400\" class=\"wpcf7-form-control wpcf7-email wpcf7-validates-as-required wpcf7-text wpcf7-validates-as-email\" aria-required=\"true\" aria-invalid=\"false\" placeholder=\"Ihre E-Mail-Adresse\" value=\"\" type=\"email\" name=\"mail\" \/><\/span>\n<\/p>\n<p><span class=\"wpcf7-form-control-wrap\" data-name=\"telefoonnummer\"><input size=\"40\" maxlength=\"400\" class=\"wpcf7-form-control wpcf7-tel wpcf7-validates-as-required wpcf7-text wpcf7-validates-as-tel\" aria-required=\"true\" aria-invalid=\"false\" placeholder=\"Ihre Telefonnummer\" value=\"\" type=\"tel\" name=\"telefoonnummer\" \/><\/span>\n<\/p>\n<p><input class=\"wpcf7-form-control wpcf7-submit has-spinner\" type=\"submit\" value=\"Senden Sie\" \/>\n<\/p><div class=\"wpcf7-response-output\" aria-hidden=\"true\"><\/div>\n<\/form>\n<\/div>\n[\/vc_column][vc_column width=&#8220;1\/3&#8243; css=&#8220;.vc_custom_1649331387291{background-image: url(https:\/\/aerokingairco.nl\/wp-content\/uploads\/2022\/04\/smartphone-with-launched-application-for-temperatu-2021-08-31-15-11-47-utc-kopieren.jpg?id=15927) !important;background-position: center !important;background-repeat: no-repeat !important;background-size: cover !important;border-radius: 5px !important;}&#8220;][vc_empty_space height=&#8220;350&#8243; css=&#8220;.vc_custom_1649331380839{background-position: center !important;background-repeat: no-repeat !important;background-size: cover !important;}&#8220;][\/vc_column][\/vc_row]<\/p>\n<\/div>","protected":false},"excerpt":{"rendered":"<p>[vc_row css=&#8220;.vc_custom_1650617028204{margin-top: 50px !important;}&#8220;][vc_column width=&#8220;1\/2&#8243; css=&#8220;.vc_custom_1651668346362{padding-top: 50px !important;padding-bottom: 50px !important;background-image: url(https:\/\/aerokingairco.nl\/wp-content\/uploads\/2022\/04\/gradient-_Tekengebied-1-scaled.jpg?id=15875) !important;background-position: center !important;background-repeat: no-repeat !important;background-size: cover !important;border-radius: 5px !important;}&#8220; el_class=&#8220;padding-left padding-right&#8220;][vc_column_text css=&#8220;.vc_custom_1650616837365{padding-bottom: 15px !important;}&#8220; el_class=&#8220;space&#8220;] Sind Sie an unseren Dienstleistungen interessiert? [\/vc_column_text][vc_column_text css=&#8220;.vc_custom_1652101953906{padding-bottom: 25px !important;}&#8220;] Sie interessieren sich f\u00fcr eine unserer Leistungen? Fordern Sie online ein Angebot an und wir werden uns so schnell&hellip;<\/p>\n","protected":false},"author":4,"featured_media":0,"parent":0,"menu_order":0,"comment_status":"closed","ping_status":"closed","template":"","meta":{"_joinchat":[],"footnotes":""},"class_list":["post-16613","page","type-page","status-publish","hentry","description-off"],"yoast_head":"<!-- This site is optimized with the Yoast SEO plugin v27.0 - https:\/\/yoast.com\/product\/yoast-seo-wordpress\/ -->\n<title>Fordern Sie ein Angebot an! - Aeroking Airco<\/title>\n<meta name=\"description\" content=\"M\u00f6chten Sie ein Angebot anfordern, weil Sie an einer unserer Dienstleistungen interessiert sind? Das ist ganz einfach, wir werden Sie bald kontaktieren!\" \/>\n<meta name=\"robots\" content=\"index, follow, max-snippet:-1, max-image-preview:large, max-video-preview:-1\" \/>\n<link rel=\"canonical\" href=\"https:\/\/aerokingairco.nl\/de\/fordern-sie-ein-angebot-an\/\" \/>\n<meta property=\"og:locale\" content=\"de_DE\" \/>\n<meta property=\"og:type\" content=\"article\" \/>\n<meta property=\"og:title\" content=\"Fordern Sie ein Angebot an! - Aeroking Airco\" \/>\n<meta property=\"og:description\" content=\"M\u00f6chten Sie ein Angebot anfordern, weil Sie an einer unserer Dienstleistungen interessiert sind? Das ist ganz einfach, wir werden Sie bald kontaktieren!\" \/>\n<meta property=\"og:url\" content=\"https:\/\/aerokingairco.nl\/de\/fordern-sie-ein-angebot-an\/\" \/>\n<meta property=\"og:site_name\" content=\"Aeroking Airco\" \/>\n<meta property=\"article:modified_time\" content=\"2022-05-09T13:41:25+00:00\" \/>\n<meta name=\"twitter:card\" content=\"summary_large_image\" \/>\n<meta name=\"twitter:label1\" content=\"Gesch\u00e4tzte Lesezeit\" \/>\n\t<meta name=\"twitter:data1\" content=\"2\u00a0Minuten\" \/>\n<script type=\"application\/ld+json\" class=\"yoast-schema-graph\">{\"@context\":\"https:\/\/schema.org\",\"@graph\":[{\"@type\":\"WebPage\",\"@id\":\"https:\/\/aerokingairco.nl\/de\/fordern-sie-ein-angebot-an\/\",\"url\":\"https:\/\/aerokingairco.nl\/de\/fordern-sie-ein-angebot-an\/\",\"name\":\"Fordern Sie ein Angebot an! - Aeroking Airco\",\"isPartOf\":{\"@id\":\"https:\/\/aerokingairco.nl\/de\/#website\"},\"datePublished\":\"2022-05-09T13:12:16+00:00\",\"dateModified\":\"2022-05-09T13:41:25+00:00\",\"description\":\"M\u00f6chten Sie ein Angebot anfordern, weil Sie an einer unserer Dienstleistungen interessiert sind? Das ist ganz einfach, wir werden Sie bald kontaktieren!\",\"breadcrumb\":{\"@id\":\"https:\/\/aerokingairco.nl\/de\/fordern-sie-ein-angebot-an\/#breadcrumb\"},\"inLanguage\":\"de\",\"potentialAction\":[{\"@type\":\"ReadAction\",\"target\":[\"https:\/\/aerokingairco.nl\/de\/fordern-sie-ein-angebot-an\/\"]}]},{\"@type\":\"BreadcrumbList\",\"@id\":\"https:\/\/aerokingairco.nl\/de\/fordern-sie-ein-angebot-an\/#breadcrumb\",\"itemListElement\":[{\"@type\":\"ListItem\",\"position\":1,\"name\":\"Home\",\"item\":\"https:\/\/aerokingairco.nl\/de\/\"},{\"@type\":\"ListItem\",\"position\":2,\"name\":\"Kontakt\",\"item\":\"https:\/\/aerokingairco.nl\/de\/kontakt\/\"},{\"@type\":\"ListItem\",\"position\":3,\"name\":\"Fordern Sie ein Angebot an!\"}]},{\"@type\":\"WebSite\",\"@id\":\"https:\/\/aerokingairco.nl\/de\/#website\",\"url\":\"https:\/\/aerokingairco.nl\/de\/\",\"name\":\"Aeroking Airco\",\"description\":\"Maakt duurzaam leven mogelijk\",\"publisher\":{\"@id\":\"https:\/\/aerokingairco.nl\/de\/#organization\"},\"potentialAction\":[{\"@type\":\"SearchAction\",\"target\":{\"@type\":\"EntryPoint\",\"urlTemplate\":\"https:\/\/aerokingairco.nl\/de\/?s={search_term_string}\"},\"query-input\":{\"@type\":\"PropertyValueSpecification\",\"valueRequired\":true,\"valueName\":\"search_term_string\"}}],\"inLanguage\":\"de\"},{\"@type\":\"Organization\",\"@id\":\"https:\/\/aerokingairco.nl\/de\/#organization\",\"name\":\"Aeroking Airco\",\"url\":\"https:\/\/aerokingairco.nl\/de\/\",\"logo\":{\"@type\":\"ImageObject\",\"inLanguage\":\"de\",\"@id\":\"https:\/\/aerokingairco.nl\/de\/#\/schema\/logo\/image\/\",\"url\":\"https:\/\/aerokingairco.nl\/wp-content\/uploads\/2023\/02\/330992712_1216724068967065_3754733078399192394_n.jpg\",\"contentUrl\":\"https:\/\/aerokingairco.nl\/wp-content\/uploads\/2023\/02\/330992712_1216724068967065_3754733078399192394_n.jpg\",\"width\":869,\"height\":390,\"caption\":\"Aeroking Airco\"},\"image\":{\"@id\":\"https:\/\/aerokingairco.nl\/de\/#\/schema\/logo\/image\/\"}}]}<\/script>\n<!-- \/ Yoast SEO plugin. -->","yoast_head_json":{"title":"Fordern Sie ein Angebot an! - Aeroking Airco","description":"M\u00f6chten Sie ein Angebot anfordern, weil Sie an einer unserer Dienstleistungen interessiert sind? Das ist ganz einfach, wir werden Sie bald kontaktieren!","robots":{"index":"index","follow":"follow","max-snippet":"max-snippet:-1","max-image-preview":"max-image-preview:large","max-video-preview":"max-video-preview:-1"},"canonical":"https:\/\/aerokingairco.nl\/de\/fordern-sie-ein-angebot-an\/","og_locale":"de_DE","og_type":"article","og_title":"Fordern Sie ein Angebot an! - Aeroking Airco","og_description":"M\u00f6chten Sie ein Angebot anfordern, weil Sie an einer unserer Dienstleistungen interessiert sind? Das ist ganz einfach, wir werden Sie bald kontaktieren!","og_url":"https:\/\/aerokingairco.nl\/de\/fordern-sie-ein-angebot-an\/","og_site_name":"Aeroking Airco","article_modified_time":"2022-05-09T13:41:25+00:00","twitter_card":"summary_large_image","twitter_misc":{"Gesch\u00e4tzte Lesezeit":"2\u00a0Minuten"},"schema":{"@context":"https:\/\/schema.org","@graph":[{"@type":"WebPage","@id":"https:\/\/aerokingairco.nl\/de\/fordern-sie-ein-angebot-an\/","url":"https:\/\/aerokingairco.nl\/de\/fordern-sie-ein-angebot-an\/","name":"Fordern Sie ein Angebot an! - Aeroking Airco","isPartOf":{"@id":"https:\/\/aerokingairco.nl\/de\/#website"},"datePublished":"2022-05-09T13:12:16+00:00","dateModified":"2022-05-09T13:41:25+00:00","description":"M\u00f6chten Sie ein Angebot anfordern, weil Sie an einer unserer Dienstleistungen interessiert sind? Das ist ganz einfach, wir werden Sie bald kontaktieren!","breadcrumb":{"@id":"https:\/\/aerokingairco.nl\/de\/fordern-sie-ein-angebot-an\/#breadcrumb"},"inLanguage":"de","potentialAction":[{"@type":"ReadAction","target":["https:\/\/aerokingairco.nl\/de\/fordern-sie-ein-angebot-an\/"]}]},{"@type":"BreadcrumbList","@id":"https:\/\/aerokingairco.nl\/de\/fordern-sie-ein-angebot-an\/#breadcrumb","itemListElement":[{"@type":"ListItem","position":1,"name":"Home","item":"https:\/\/aerokingairco.nl\/de\/"},{"@type":"ListItem","position":2,"name":"Kontakt","item":"https:\/\/aerokingairco.nl\/de\/kontakt\/"},{"@type":"ListItem","position":3,"name":"Fordern Sie ein Angebot an!"}]},{"@type":"WebSite","@id":"https:\/\/aerokingairco.nl\/de\/#website","url":"https:\/\/aerokingairco.nl\/de\/","name":"Aeroking Airco","description":"Maakt duurzaam leven mogelijk","publisher":{"@id":"https:\/\/aerokingairco.nl\/de\/#organization"},"potentialAction":[{"@type":"SearchAction","target":{"@type":"EntryPoint","urlTemplate":"https:\/\/aerokingairco.nl\/de\/?s={search_term_string}"},"query-input":{"@type":"PropertyValueSpecification","valueRequired":true,"valueName":"search_term_string"}}],"inLanguage":"de"},{"@type":"Organization","@id":"https:\/\/aerokingairco.nl\/de\/#organization","name":"Aeroking Airco","url":"https:\/\/aerokingairco.nl\/de\/","logo":{"@type":"ImageObject","inLanguage":"de","@id":"https:\/\/aerokingairco.nl\/de\/#\/schema\/logo\/image\/","url":"https:\/\/aerokingairco.nl\/wp-content\/uploads\/2023\/02\/330992712_1216724068967065_3754733078399192394_n.jpg","contentUrl":"https:\/\/aerokingairco.nl\/wp-content\/uploads\/2023\/02\/330992712_1216724068967065_3754733078399192394_n.jpg","width":869,"height":390,"caption":"Aeroking Airco"},"image":{"@id":"https:\/\/aerokingairco.nl\/de\/#\/schema\/logo\/image\/"}}]}},"jetpack_sharing_enabled":true,"_links":{"self":[{"href":"https:\/\/aerokingairco.nl\/de\/wp-json\/wp\/v2\/pages\/16613","targetHints":{"allow":["GET"]}}],"collection":[{"href":"https:\/\/aerokingairco.nl\/de\/wp-json\/wp\/v2\/pages"}],"about":[{"href":"https:\/\/aerokingairco.nl\/de\/wp-json\/wp\/v2\/types\/page"}],"author":[{"embeddable":true,"href":"https:\/\/aerokingairco.nl\/de\/wp-json\/wp\/v2\/users\/4"}],"replies":[{"embeddable":true,"href":"https:\/\/aerokingairco.nl\/de\/wp-json\/wp\/v2\/comments?post=16613"}],"version-history":[{"count":2,"href":"https:\/\/aerokingairco.nl\/de\/wp-json\/wp\/v2\/pages\/16613\/revisions"}],"predecessor-version":[{"id":16635,"href":"https:\/\/aerokingairco.nl\/de\/wp-json\/wp\/v2\/pages\/16613\/revisions\/16635"}],"wp:attachment":[{"href":"https:\/\/aerokingairco.nl\/de\/wp-json\/wp\/v2\/media?parent=16613"}],"curies":[{"name":"wp","href":"https:\/\/api.w.org\/{rel}","templated":true}]}}